{"id":11973,"date":"2025-05-30T10:55:30","date_gmt":"2025-05-30T08:55:30","guid":{"rendered":"https:\/\/macketi.com\/?post_type=product&#038;p=11973"},"modified":"2025-05-30T11:28:40","modified_gmt":"2025-05-30T09:28:40","slug":"timbre-smaert-home","status":"publish","type":"product","link":"https:\/\/macketi.com\/en\/product\/timbre-smaert-home\/","title":{"rendered":"Timbre Smaert home"},"content":{"rendered":"<p>C\u00e1mara de v\u00eddeo con timbre 10.92 cm, pantalla HD, visi\u00f3n nocturna por infra rojos, audio Tyo Way, inal\u00e1mbrico de f\u00e1cil instalaci\u00f3n, bater\u00eda de larga duraci\u00f3n. Dise\u00f1o elegante para la seguridad en el hogar<\/p>","protected":false},"excerpt":{"rendered":"<p>C\u00e1mara de video llamada con timbre<\/p>","protected":false},"featured_media":11975,"comment_status":"open","ping_status":"closed","template":"","meta":[],"product_brand":[],"product_cat":[272],"product_tag":[],"class_list":{"0":"post-11973","1":"product","2":"type-product","3":"status-publish","4":"has-post-thumbnail","6":"product_cat-hogar-y-muebles","7":"thunk-woo-product-list","8":"th-shop-mania-woo-hover-","9":"open-single-product-tab-horizontal","10":"open-shadow-","11":"open-shadow-hover-","12":"th-shop-mania-single-product-content-left","14":"first","15":"instock","16":"taxable","17":"shipping-taxable","18":"purchasable","19":"product-type-simple"},"_links":{"self":[{"href":"https:\/\/macketi.com\/en\/wp-json\/wp\/v2\/product\/11973","targetHints":{"allow":["GET"]}}],"collection":[{"href":"https:\/\/macketi.com\/en\/wp-json\/wp\/v2\/product"}],"about":[{"href":"https:\/\/macketi.com\/en\/wp-json\/wp\/v2\/types\/product"}],"replies":[{"embeddable":true,"href":"https:\/\/macketi.com\/en\/wp-json\/wp\/v2\/comments?post=11973"}],"wp:featuredmedia":[{"embeddable":true,"href":"https:\/\/macketi.com\/en\/wp-json\/wp\/v2\/media\/11975"}],"wp:attachment":[{"href":"https:\/\/macketi.com\/en\/wp-json\/wp\/v2\/media?parent=11973"}],"wp:term":[{"taxonomy":"product_brand","embeddable":true,"href":"https:\/\/macketi.com\/en\/wp-json\/wp\/v2\/product_brand?post=11973"},{"taxonomy":"product_cat","embeddable":true,"href":"https:\/\/macketi.com\/en\/wp-json\/wp\/v2\/product_cat?post=11973"},{"taxonomy":"product_tag","embeddable":true,"href":"https:\/\/macketi.com\/en\/wp-json\/wp\/v2\/product_tag?post=11973"}],"curies":[{"name":"wp","href":"https:\/\/api.w.org\/{rel}","templated":true}]}}