{"id":11760,"date":"2025-05-27T22:00:10","date_gmt":"2025-05-27T20:00:10","guid":{"rendered":"https:\/\/macketi.com\/?post_type=product&#038;p=11760"},"modified":"2025-05-27T22:05:27","modified_gmt":"2025-05-27T20:05:27","slug":"plan-de-negocio-guia-practica","status":"publish","type":"product","link":"https:\/\/macketi.com\/en\/product\/plan-de-negocio-guia-practica\/","title":{"rendered":"Plan de negocio, gu\u00eda practica"},"content":{"rendered":"<p>Plan de negocio, gu\u00eda practica, es una gu\u00eda que te servir\u00e1 para preparar una presentaci\u00f3n (pitch deck), para presentar a entidades financieras e inversores. Te ofrece una gu\u00eda para preparar un plan de negocio con su consiguiente carta de presentaci\u00f3n. Adem\u00e1s incluye un modelo de resumen ejecutivo y un modelo de plan financiero.<\/p>","protected":false},"excerpt":{"rendered":"<p>Plan de negocio, gu\u00eda practica, es un libro de Ardit Memba, con el cual aprender\u00e1s a preparar un plan de negocio, entre otras cosas.<\/p>","protected":false},"featured_media":11761,"comment_status":"open","ping_status":"closed","template":"","meta":[],"product_brand":[],"product_cat":[266],"product_tag":[],"class_list":{"0":"post-11760","1":"product","2":"type-product","3":"status-publish","4":"has-post-thumbnail","6":"product_cat-libros","7":"thunk-woo-product-list","8":"th-shop-mania-woo-hover-","9":"open-single-product-tab-horizontal","10":"open-shadow-","11":"open-shadow-hover-","12":"th-shop-mania-single-product-content-left","14":"first","15":"instock","16":"downloadable","17":"taxable","18":"shipping-taxable","19":"purchasable","20":"product-type-simple"},"_links":{"self":[{"href":"https:\/\/macketi.com\/en\/wp-json\/wp\/v2\/product\/11760","targetHints":{"allow":["GET"]}}],"collection":[{"href":"https:\/\/macketi.com\/en\/wp-json\/wp\/v2\/product"}],"about":[{"href":"https:\/\/macketi.com\/en\/wp-json\/wp\/v2\/types\/product"}],"replies":[{"embeddable":true,"href":"https:\/\/macketi.com\/en\/wp-json\/wp\/v2\/comments?post=11760"}],"wp:featuredmedia":[{"embeddable":true,"href":"https:\/\/macketi.com\/en\/wp-json\/wp\/v2\/media\/11761"}],"wp:attachment":[{"href":"https:\/\/macketi.com\/en\/wp-json\/wp\/v2\/media?parent=11760"}],"wp:term":[{"taxonomy":"product_brand","embeddable":true,"href":"https:\/\/macketi.com\/en\/wp-json\/wp\/v2\/product_brand?post=11760"},{"taxonomy":"product_cat","embeddable":true,"href":"https:\/\/macketi.com\/en\/wp-json\/wp\/v2\/product_cat?post=11760"},{"taxonomy":"product_tag","embeddable":true,"href":"https:\/\/macketi.com\/en\/wp-json\/wp\/v2\/product_tag?post=11760"}],"curies":[{"name":"wp","href":"https:\/\/api.w.org\/{rel}","templated":true}]}}