{"id":10912,"date":"2025-01-13T18:50:39","date_gmt":"2025-01-13T17:50:39","guid":{"rendered":"https:\/\/macketi.com\/?post_type=product&#038;p=10912"},"modified":"2025-03-29T16:59:58","modified_gmt":"2025-03-29T15:59:58","slug":"champu-solido-de-jengibre","status":"publish","type":"product","link":"https:\/\/macketi.com\/en\/product\/champu-solido-de-jengibre\/","title":{"rendered":"Champ\u00fa s\u00f3lido de jengibre"},"content":{"rendered":"<p><strong>HECHO CON:\u00a0<\/strong>Jengibre revitalizante, aceite de coco y aceite org\u00e1nico.<\/p>\n<p><strong>HECHO SIN:\u00a0<\/strong>Conservantes<\/p>\n<p><strong>RECOMENDACIONES:\u00a0<\/strong>Guardar en un lugar seco y limpio, no dejar al alcance de los ni\u00f1os, no ingerir, en caso directo con los ojos, aclarar inmediatamente con abundante agua.<\/p>\n<p><strong>F\u00c1CIL DE USAR:\u00a0<\/strong>Moja el pelo y el champ\u00fa s\u00f3lido para que haga espuma, enjabona el pelo desde las ra\u00edces hasta las puntas, despu\u00e9s con un peine desenreda el cabello y date unos ligeros masajes, despu\u00e9s te cubres el cabello con un gorro de pl\u00e1stico durante 20 minutos para que la mascarilla haga efecto, aclara el pelo con abundante agua.<\/p>","protected":false},"excerpt":{"rendered":"<p>Nuestro primer champ\u00fa s\u00f3lido formulado para revitalizar tu pelo, f\u00e1cil de desenredar el cabello sin efectos \u00e1speros, nutre la fibra capilar.<\/p>\n<p><strong>F\u00d3RMULA 94 BIODEGRADABLE Y DE ACLARACI\u00d3N R\u00c1PIDA PARA HORRAR AGUA<\/strong><\/p>","protected":false},"featured_media":10913,"comment_status":"open","ping_status":"closed","template":"","meta":[],"product_brand":[],"product_cat":[281],"product_tag":[],"class_list":{"0":"post-10912","1":"product","2":"type-product","3":"status-publish","4":"has-post-thumbnail","6":"product_cat-belleza-y-cuidado-personal","7":"thunk-woo-product-list","8":"th-shop-mania-woo-hover-","9":"open-single-product-tab-horizontal","10":"open-shadow-","11":"open-shadow-hover-","12":"th-shop-mania-single-product-content-left","14":"first","15":"instock","16":"taxable","17":"shipping-taxable","18":"purchasable","19":"product-type-simple"},"_links":{"self":[{"href":"https:\/\/macketi.com\/en\/wp-json\/wp\/v2\/product\/10912","targetHints":{"allow":["GET"]}}],"collection":[{"href":"https:\/\/macketi.com\/en\/wp-json\/wp\/v2\/product"}],"about":[{"href":"https:\/\/macketi.com\/en\/wp-json\/wp\/v2\/types\/product"}],"replies":[{"embeddable":true,"href":"https:\/\/macketi.com\/en\/wp-json\/wp\/v2\/comments?post=10912"}],"wp:featuredmedia":[{"embeddable":true,"href":"https:\/\/macketi.com\/en\/wp-json\/wp\/v2\/media\/10913"}],"wp:attachment":[{"href":"https:\/\/macketi.com\/en\/wp-json\/wp\/v2\/media?parent=10912"}],"wp:term":[{"taxonomy":"product_brand","embeddable":true,"href":"https:\/\/macketi.com\/en\/wp-json\/wp\/v2\/product_brand?post=10912"},{"taxonomy":"product_cat","embeddable":true,"href":"https:\/\/macketi.com\/en\/wp-json\/wp\/v2\/product_cat?post=10912"},{"taxonomy":"product_tag","embeddable":true,"href":"https:\/\/macketi.com\/en\/wp-json\/wp\/v2\/product_tag?post=10912"}],"curies":[{"name":"wp","href":"https:\/\/api.w.org\/{rel}","templated":true}]}}