{"id":10910,"date":"2025-01-13T18:33:57","date_gmt":"2025-01-13T17:33:57","guid":{"rendered":"https:\/\/macketi.com\/?post_type=product&#038;p=10910"},"modified":"2025-03-29T16:59:58","modified_gmt":"2025-03-29T15:59:58","slug":"aceite-de-jengibre","status":"publish","type":"product","link":"https:\/\/macketi.com\/en\/product\/aceite-de-jengibre\/","title":{"rendered":"Aceite de jengibre"},"content":{"rendered":"<p>*Ingredientes: Jengibre<\/p>\n<p>*Modo de uso: Aplica el aceite de jengibre en el cabello como cualquier otro aceite, en el cuero cabelludo hasta las puntas del pelo.<\/p>\n<p>*Origen: Guinea Ecuatorial<\/p>\n<p>100 ml<\/p>\n<p>NO USAR EN MENORES DE 2 A\u00d1OS<\/p>","protected":false},"excerpt":{"rendered":"<p>El aceite de jengibre contiene un componente natural llamado gengirol, y es rico en potasio, manganeso y vitamina B6, que ayuda a mejorar la circulaci\u00f3n de la sangre en el cuero cabelludo, evita la ca\u00edda del pelo, ayuda en el crecimiento del cabello, nutre y fortalece la fibra capilar. El aceite de jengibre tambi\u00e9n tiene propiedades antis\u00e9pticas que ayudan a combatir los hongos capilares, caspa y prevenir la irritaci\u00f3n del cuero cabelludo.<\/p>","protected":false},"featured_media":10911,"comment_status":"open","ping_status":"closed","template":"","meta":[],"product_brand":[],"product_cat":[281],"product_tag":[],"class_list":{"0":"post-10910","1":"product","2":"type-product","3":"status-publish","4":"has-post-thumbnail","6":"product_cat-belleza-y-cuidado-personal","7":"thunk-woo-product-list","8":"th-shop-mania-woo-hover-","9":"open-single-product-tab-horizontal","10":"open-shadow-","11":"open-shadow-hover-","12":"th-shop-mania-single-product-content-left","14":"first","15":"instock","16":"taxable","17":"shipping-taxable","18":"purchasable","19":"product-type-simple"},"_links":{"self":[{"href":"https:\/\/macketi.com\/en\/wp-json\/wp\/v2\/product\/10910","targetHints":{"allow":["GET"]}}],"collection":[{"href":"https:\/\/macketi.com\/en\/wp-json\/wp\/v2\/product"}],"about":[{"href":"https:\/\/macketi.com\/en\/wp-json\/wp\/v2\/types\/product"}],"replies":[{"embeddable":true,"href":"https:\/\/macketi.com\/en\/wp-json\/wp\/v2\/comments?post=10910"}],"wp:featuredmedia":[{"embeddable":true,"href":"https:\/\/macketi.com\/en\/wp-json\/wp\/v2\/media\/10911"}],"wp:attachment":[{"href":"https:\/\/macketi.com\/en\/wp-json\/wp\/v2\/media?parent=10910"}],"wp:term":[{"taxonomy":"product_brand","embeddable":true,"href":"https:\/\/macketi.com\/en\/wp-json\/wp\/v2\/product_brand?post=10910"},{"taxonomy":"product_cat","embeddable":true,"href":"https:\/\/macketi.com\/en\/wp-json\/wp\/v2\/product_cat?post=10910"},{"taxonomy":"product_tag","embeddable":true,"href":"https:\/\/macketi.com\/en\/wp-json\/wp\/v2\/product_tag?post=10910"}],"curies":[{"name":"wp","href":"https:\/\/api.w.org\/{rel}","templated":true}]}}