{"id":10888,"date":"2025-01-10T21:50:49","date_gmt":"2025-01-10T20:50:49","guid":{"rendered":"https:\/\/macketi.com\/?post_type=product&#038;p=10888"},"modified":"2025-03-29T16:59:58","modified_gmt":"2025-03-29T15:59:58","slug":"jabon-sandy-curcuma","status":"publish","type":"product","link":"https:\/\/macketi.com\/en\/product\/jabon-sandy-curcuma\/","title":{"rendered":"Jab\u00f3n Sandy Curcuma"},"content":{"rendered":"<p>Extracto 100% natural de Curcuma, extracto 100% natural de Ginger, Miel, AcSodium Cocoate (Aceite Saponificado de coco); Aqua (Agua); Sucrose (Sucrosa); Dipropuleneglycol (Di-propulenglicol); Sodium Stearate (Estearato de sodio); Glycerin (Glicerina); Prunus Domestica Wood Ash; Laury (Lauril Sulfato de Sodio); Alcochol (Alcohol); Parfum (Perfume); Extracto 100 natural de Aloe Barbadensis Gel, Pentasodium Pentetate (Acido Pentenico); CI 19140 (Amarillo N5-Tartrazina); CI 15510 (Naranja N\u00ba2); CI 17200 (Rojo N3); CI 61750 (Verde n\u00ba5)<\/p>","protected":false},"excerpt":{"rendered":"<p>Humectante, aclarante, quitamanchas y purificador. Producto ecol\u00f3gico con un 100% de ingredientes naturales cosechados de manera sostenible para el ba\u00f1o diario. Fabricado en Guinea Ecuatorial. Hecho a mano por SANDY BEAUTY Biocosm\u00e9tica S.L.U.<\/p>","protected":false},"featured_media":10889,"comment_status":"open","ping_status":"closed","template":"","meta":[],"product_brand":[],"product_cat":[281],"product_tag":[490],"class_list":{"0":"post-10888","1":"product","2":"type-product","3":"status-publish","4":"has-post-thumbnail","6":"product_cat-belleza-y-cuidado-personal","7":"product_tag-jabones-corporales","8":"thunk-woo-product-list","9":"th-shop-mania-woo-hover-","10":"open-single-product-tab-horizontal","11":"open-shadow-","12":"open-shadow-hover-","13":"th-shop-mania-single-product-content-left","15":"first","16":"instock","17":"taxable","18":"shipping-taxable","19":"purchasable","20":"product-type-simple"},"aioseo_notices":[],"_links":{"self":[{"href":"https:\/\/macketi.com\/en\/wp-json\/wp\/v2\/product\/10888","targetHints":{"allow":["GET"]}}],"collection":[{"href":"https:\/\/macketi.com\/en\/wp-json\/wp\/v2\/product"}],"about":[{"href":"https:\/\/macketi.com\/en\/wp-json\/wp\/v2\/types\/product"}],"replies":[{"embeddable":true,"href":"https:\/\/macketi.com\/en\/wp-json\/wp\/v2\/comments?post=10888"}],"wp:featuredmedia":[{"embeddable":true,"href":"https:\/\/macketi.com\/en\/wp-json\/wp\/v2\/media\/10889"}],"wp:attachment":[{"href":"https:\/\/macketi.com\/en\/wp-json\/wp\/v2\/media?parent=10888"}],"wp:term":[{"taxonomy":"product_brand","embeddable":true,"href":"https:\/\/macketi.com\/en\/wp-json\/wp\/v2\/product_brand?post=10888"},{"taxonomy":"product_cat","embeddable":true,"href":"https:\/\/macketi.com\/en\/wp-json\/wp\/v2\/product_cat?post=10888"},{"taxonomy":"product_tag","embeddable":true,"href":"https:\/\/macketi.com\/en\/wp-json\/wp\/v2\/product_tag?post=10888"}],"curies":[{"name":"wp","href":"https:\/\/api.w.org\/{rel}","templated":true}]}}