{"id":10887,"date":"2025-01-10T21:34:53","date_gmt":"2025-01-10T20:34:53","guid":{"rendered":"https:\/\/macketi.com\/?post_type=product&#038;p=10887"},"modified":"2025-03-29T16:59:58","modified_gmt":"2025-03-29T15:59:58","slug":"jabon-sandy-antimarcas","status":"publish","type":"product","link":"https:\/\/macketi.com\/en\/product\/jabon-sandy-antimarcas\/","title":{"rendered":"Jab\u00f3n Sandy Antimarcas"},"content":{"rendered":"<p>Ingredientes: Extracto 100% natural de Caf\u00e9 (Granos de Caf\u00e9), extracto 100% natural de Centella Asi\u00e1tica, extracto 100% natural Cipres, Miel, extracto de Ortiga, Hydrolized Milk Protein (ELINCS N\u00ba 296-575-2); AcSodium Cocoate (Aceite Saponificado de coco); Aqua (Agua); Prunus Dometica Wood Ash Sucrose (Sucrosa); Dipropuleneglycol (Di-propilenglicol); Sodium Stearate (Estarato de Sodio); Alcohol (Alcohol); Parfum (Perfume); Extracto 100% natural de Aloe Barbadensis Gel, Pentasodium Pentetate (Acido Pentenico); CI 77267 (Colorante Negro); CI 77480 (Oro); Carb\u00f3n Active.<\/p>","protected":false},"excerpt":{"rendered":"<p>Quitamanchas, anti celulitis, anti fungica, cicatrizante, anti estr\u00edas y antiflamatoria. Producto ecol\u00f3gico con un 100% de ingredientes naturales cosechados de manera sostenible para el ba\u00f1o diario. Fabricado en Guinea Ecuatorial. Hecho a mano por SANDY BEAUTY Biocosm\u00e9tica S.L.U.<\/p>","protected":false},"featured_media":10885,"comment_status":"open","ping_status":"closed","template":"","meta":[],"product_brand":[],"product_cat":[281],"product_tag":[490],"class_list":{"0":"post-10887","1":"product","2":"type-product","3":"status-publish","4":"has-post-thumbnail","6":"product_cat-belleza-y-cuidado-personal","7":"product_tag-jabones-corporales","8":"thunk-woo-product-list","9":"th-shop-mania-woo-hover-","10":"open-single-product-tab-horizontal","11":"open-shadow-","12":"open-shadow-hover-","13":"th-shop-mania-single-product-content-left","15":"first","16":"instock","17":"taxable","18":"shipping-taxable","19":"purchasable","20":"product-type-simple"},"_links":{"self":[{"href":"https:\/\/macketi.com\/en\/wp-json\/wp\/v2\/product\/10887","targetHints":{"allow":["GET"]}}],"collection":[{"href":"https:\/\/macketi.com\/en\/wp-json\/wp\/v2\/product"}],"about":[{"href":"https:\/\/macketi.com\/en\/wp-json\/wp\/v2\/types\/product"}],"replies":[{"embeddable":true,"href":"https:\/\/macketi.com\/en\/wp-json\/wp\/v2\/comments?post=10887"}],"wp:featuredmedia":[{"embeddable":true,"href":"https:\/\/macketi.com\/en\/wp-json\/wp\/v2\/media\/10885"}],"wp:attachment":[{"href":"https:\/\/macketi.com\/en\/wp-json\/wp\/v2\/media?parent=10887"}],"wp:term":[{"taxonomy":"product_brand","embeddable":true,"href":"https:\/\/macketi.com\/en\/wp-json\/wp\/v2\/product_brand?post=10887"},{"taxonomy":"product_cat","embeddable":true,"href":"https:\/\/macketi.com\/en\/wp-json\/wp\/v2\/product_cat?post=10887"},{"taxonomy":"product_tag","embeddable":true,"href":"https:\/\/macketi.com\/en\/wp-json\/wp\/v2\/product_tag?post=10887"}],"curies":[{"name":"wp","href":"https:\/\/api.w.org\/{rel}","templated":true}]}}