{"id":10880,"date":"2025-01-10T20:56:07","date_gmt":"2025-01-10T19:56:07","guid":{"rendered":"https:\/\/macketi.com\/?post_type=product&#038;p=10880"},"modified":"2025-03-29T16:59:58","modified_gmt":"2025-03-29T15:59:58","slug":"jabon-sandy-papaya","status":"publish","type":"product","link":"https:\/\/macketi.com\/en\/product\/jabon-sandy-papaya\/","title":{"rendered":"Jab\u00f3n Sandy Papaya"},"content":{"rendered":"<p>Ingredientes: Extracto 100% natural de Arroz, extracto 100% natural de Mangifera indica. Extracto 100% natural de Zingiber officinate, Miel, Acido Hialur\u00f3nico (AcHa); Hydrolyzed Milk Protein (ELINCS N\u00ba296-575-2); Hydr\u00f3xido de Sodio; AcSodium Cocoate (Aceite Saponificado de coco); Aqua (Agua); Prunus Dometica Wood Ash Sucrose (Sucrosa); Dipropulenegycol (Di-propilenglicol) Sodium Stearate (Estearato de coco); Glycerin (Glicerina); Laury (Lauril Sulfato de Sodio); Alcochol (Alcohol); Parfum (perfume); Extracto 100% natural de Aloe Barbadensis Gel; Pentasodium Pentetate (Acido Pentenico); CIN77947 (White pigment); (Zinc Oxide); CI 77000 (White dye); Titanium Dioxide (CI 77891)<\/p>","protected":false},"excerpt":{"rendered":"<p>Antienvejecimiento, restaurador, equilibra el PH, nutre y limpia impurezas. Producto ecol\u00f3gico con un 100% de ingredientes naturales cosechados de manera sostenible para el ba\u00f1o diario. Fabricado en Guinea Ecuatorial. Hecho a mano por SANDY BEAUTY Biocosm\u00e9tica S.L.U.<\/p>","protected":false},"featured_media":10881,"comment_status":"open","ping_status":"closed","template":"","meta":[],"product_brand":[],"product_cat":[281],"product_tag":[],"class_list":{"0":"post-10880","1":"product","2":"type-product","3":"status-publish","4":"has-post-thumbnail","6":"product_cat-belleza-y-cuidado-personal","7":"thunk-woo-product-list","8":"th-shop-mania-woo-hover-","9":"open-single-product-tab-horizontal","10":"open-shadow-","11":"open-shadow-hover-","12":"th-shop-mania-single-product-content-left","14":"first","15":"instock","16":"downloadable","17":"taxable","18":"shipping-taxable","19":"purchasable","20":"product-type-simple"},"aioseo_notices":[],"_links":{"self":[{"href":"https:\/\/macketi.com\/en\/wp-json\/wp\/v2\/product\/10880","targetHints":{"allow":["GET"]}}],"collection":[{"href":"https:\/\/macketi.com\/en\/wp-json\/wp\/v2\/product"}],"about":[{"href":"https:\/\/macketi.com\/en\/wp-json\/wp\/v2\/types\/product"}],"replies":[{"embeddable":true,"href":"https:\/\/macketi.com\/en\/wp-json\/wp\/v2\/comments?post=10880"}],"wp:featuredmedia":[{"embeddable":true,"href":"https:\/\/macketi.com\/en\/wp-json\/wp\/v2\/media\/10881"}],"wp:attachment":[{"href":"https:\/\/macketi.com\/en\/wp-json\/wp\/v2\/media?parent=10880"}],"wp:term":[{"taxonomy":"product_brand","embeddable":true,"href":"https:\/\/macketi.com\/en\/wp-json\/wp\/v2\/product_brand?post=10880"},{"taxonomy":"product_cat","embeddable":true,"href":"https:\/\/macketi.com\/en\/wp-json\/wp\/v2\/product_cat?post=10880"},{"taxonomy":"product_tag","embeddable":true,"href":"https:\/\/macketi.com\/en\/wp-json\/wp\/v2\/product_tag?post=10880"}],"curies":[{"name":"wp","href":"https:\/\/api.w.org\/{rel}","templated":true}]}}