{"id":10873,"date":"2025-01-10T15:44:49","date_gmt":"2025-01-10T14:44:49","guid":{"rendered":"https:\/\/macketi.com\/?post_type=product&#038;p=10873"},"modified":"2025-03-29T16:59:58","modified_gmt":"2025-03-29T15:59:58","slug":"sandy-limon","status":"publish","type":"product","link":"https:\/\/macketi.com\/en\/product\/sandy-limon\/","title":{"rendered":"Jab\u00f3n Sandy Lim\u00f3n"},"content":{"rendered":"<p>Ingredientes: Extracto 100% natural de Limonene, extracto 100% natural de Citronella, extracto 100% natural de Rosas, Miel, Acido Hialuronico (AcHa), Hydrolyzed Milk Protein (ELINCS N\u00ba 296-575); Hidr\u00f3xido de Sodio; Sodium Cocoate (Aceite de Saponificado de coco); Aqua (agua); Prunus Domestica Wood Ash Sucrose (Sucrosa); Dipropuleneglycol (Di-propilengicol); Sodium Stearate (Estearato de Sodio); Glycerin (Glicerina); Laury (Lauril Sulfato de Sodio); Alcochol (Alcohol), Parfum (Perfume); Sodium Benzonate; Extracto 100% natural de Aloe Barbadensis Gel; Pentasodium Pentetate (Acido Pentenico); CI 19140 (Colorante amarillo) CI 77000 (White dye); Titanium Dioxide (CI 77891)<\/p>","protected":false},"excerpt":{"rendered":"<p>Hidrata, nutre la piel, combate la sudoraci\u00f3n astringente y antis\u00e9ptico. Producto ecol\u00f3gico con un 100% de ingredientes naturales cosechados de manera sostenible. Fabricado en Guinea Ecuatorial. Hecho a mano por SANDY BEAUTY Biocosm\u00e9tica S.L.U.<\/p>","protected":false},"featured_media":10874,"comment_status":"open","ping_status":"closed","template":"","meta":[],"product_brand":[],"product_cat":[281],"product_tag":[490],"class_list":{"0":"post-10873","1":"product","2":"type-product","3":"status-publish","4":"has-post-thumbnail","6":"product_cat-belleza-y-cuidado-personal","7":"product_tag-jabones-corporales","8":"thunk-woo-product-list","9":"th-shop-mania-woo-hover-","10":"open-single-product-tab-horizontal","11":"open-shadow-","12":"open-shadow-hover-","13":"th-shop-mania-single-product-content-left","15":"first","16":"instock","17":"taxable","18":"shipping-taxable","19":"purchasable","20":"product-type-simple"},"_links":{"self":[{"href":"https:\/\/macketi.com\/en\/wp-json\/wp\/v2\/product\/10873","targetHints":{"allow":["GET"]}}],"collection":[{"href":"https:\/\/macketi.com\/en\/wp-json\/wp\/v2\/product"}],"about":[{"href":"https:\/\/macketi.com\/en\/wp-json\/wp\/v2\/types\/product"}],"replies":[{"embeddable":true,"href":"https:\/\/macketi.com\/en\/wp-json\/wp\/v2\/comments?post=10873"}],"wp:featuredmedia":[{"embeddable":true,"href":"https:\/\/macketi.com\/en\/wp-json\/wp\/v2\/media\/10874"}],"wp:attachment":[{"href":"https:\/\/macketi.com\/en\/wp-json\/wp\/v2\/media?parent=10873"}],"wp:term":[{"taxonomy":"product_brand","embeddable":true,"href":"https:\/\/macketi.com\/en\/wp-json\/wp\/v2\/product_brand?post=10873"},{"taxonomy":"product_cat","embeddable":true,"href":"https:\/\/macketi.com\/en\/wp-json\/wp\/v2\/product_cat?post=10873"},{"taxonomy":"product_tag","embeddable":true,"href":"https:\/\/macketi.com\/en\/wp-json\/wp\/v2\/product_tag?post=10873"}],"curies":[{"name":"wp","href":"https:\/\/api.w.org\/{rel}","templated":true}]}}