{"id":10870,"date":"2025-01-10T11:29:58","date_gmt":"2025-01-10T10:29:58","guid":{"rendered":"https:\/\/macketi.com\/?post_type=product&#038;p=10870"},"modified":"2025-03-29T16:59:58","modified_gmt":"2025-03-29T15:59:58","slug":"sandy-rosi","status":"publish","type":"product","link":"https:\/\/macketi.com\/en\/product\/sandy-rosi\/","title":{"rendered":"Jab\u00f3n Sandy Rosi"},"content":{"rendered":"<p>Ingredientes: Extracto 100% natural de Rosa Canina. Extracto 100% natural de Oryza Satica. Extracto 100% natural de Arthemis nobilis, Miel, Theobrama Cacao Seed Butter (Manteca de cacao); Aqua (agua); Prunus Domestica Wood Ash Sucrose (Sucrosa); Dipropuleneglycol (di-propilengicol); Sodium Stearate (Estearato de Sodio); Glycerin (Glicerina); Laury (Lauril sulfato de Sodio); alcohol (Alcohol); Parfum (Perfume); Extracto 100% natural de Aloe Barbadensis Gel, Pentasodium Pentetate (Acido Pentenico), CI 19140 (Amarillo N\u00ba5-Tartraniza-); CI 15510 (Naranja N\u00ba2); CI 17200 (Rojo N\u00ba33); CI 61570 (Verde N\u00ba5)<\/p>","protected":false},"excerpt":{"rendered":"<p>Regenerante, hidratante, antiedad y rejuvenecedor. Producto ecol\u00f3gico con un 100% de ingredientes naturales cosechados de manera sostenible. Para el ba\u00f1o diario. Fabricado en Guinea Ecuatorial. Hecho a mano por SANDY BEAUTY Biocosm\u00e9tica S.L.U.<\/p>","protected":false},"featured_media":10872,"comment_status":"open","ping_status":"closed","template":"","meta":[],"product_brand":[],"product_cat":[281],"product_tag":[490],"class_list":{"0":"post-10870","1":"product","2":"type-product","3":"status-publish","4":"has-post-thumbnail","6":"product_cat-belleza-y-cuidado-personal","7":"product_tag-jabones-corporales","8":"thunk-woo-product-list","9":"th-shop-mania-woo-hover-","10":"open-single-product-tab-horizontal","11":"open-shadow-","12":"open-shadow-hover-","13":"th-shop-mania-single-product-content-left","15":"first","16":"instock","17":"taxable","18":"shipping-taxable","19":"purchasable","20":"product-type-simple"},"aioseo_notices":[],"_links":{"self":[{"href":"https:\/\/macketi.com\/en\/wp-json\/wp\/v2\/product\/10870","targetHints":{"allow":["GET"]}}],"collection":[{"href":"https:\/\/macketi.com\/en\/wp-json\/wp\/v2\/product"}],"about":[{"href":"https:\/\/macketi.com\/en\/wp-json\/wp\/v2\/types\/product"}],"replies":[{"embeddable":true,"href":"https:\/\/macketi.com\/en\/wp-json\/wp\/v2\/comments?post=10870"}],"wp:featuredmedia":[{"embeddable":true,"href":"https:\/\/macketi.com\/en\/wp-json\/wp\/v2\/media\/10872"}],"wp:attachment":[{"href":"https:\/\/macketi.com\/en\/wp-json\/wp\/v2\/media?parent=10870"}],"wp:term":[{"taxonomy":"product_brand","embeddable":true,"href":"https:\/\/macketi.com\/en\/wp-json\/wp\/v2\/product_brand?post=10870"},{"taxonomy":"product_cat","embeddable":true,"href":"https:\/\/macketi.com\/en\/wp-json\/wp\/v2\/product_cat?post=10870"},{"taxonomy":"product_tag","embeddable":true,"href":"https:\/\/macketi.com\/en\/wp-json\/wp\/v2\/product_tag?post=10870"}],"curies":[{"name":"wp","href":"https:\/\/api.w.org\/{rel}","templated":true}]}}