{"id":10868,"date":"2025-01-10T11:08:37","date_gmt":"2025-01-10T10:08:37","guid":{"rendered":"https:\/\/macketi.com\/?post_type=product&#038;p=10868"},"modified":"2025-03-29T16:59:58","modified_gmt":"2025-03-29T15:59:58","slug":"sandy-carotone","status":"publish","type":"product","link":"https:\/\/macketi.com\/en\/product\/sandy-carotone\/","title":{"rendered":"Jab\u00f3n Sandy Carotone"},"content":{"rendered":"<p>Ingredientes: Extracto 100% natural de carica papaya, extracto 100% natural de papaya. Extracto 100% natural de pogostemon cablin, miel, sodium cocoate (aceite sapoificado de de coco); aqua (agua); prunus domestica wood ash sucrose (sucrosa); dipropuleneglycol (di-propilengicol); sodium stearate\u00a0 (estearato de sodio); glycerin (glicerina); laury (lauril sulfato de sodio); Alcohol (alcohol); parfum (perfume); extracto 100% natural de aloe barbadensis gel, pentasodium pentetate (acido pentenico); CI 19140 (amarillo N\u00ba5-tartrazina-) CI, 17200 (Rojo N\u00ba33); CI 61570 (Verde N\u00ba5)<\/p>","protected":false},"excerpt":{"rendered":"<p>Antioxidante, cicatrizante, suaviza la piel y anti acn\u00e9. Producto ecol\u00f3gico con un 100% de ingredientes naturales cosechados de manera sostenible. Para el ba\u00f1o diario. Fabricado en Guinea Ecuatorial. Hecho a mano por SANDY BEAUTY Biocosm\u00e9tica S.L.U.<\/p>","protected":false},"featured_media":10869,"comment_status":"open","ping_status":"closed","template":"","meta":[],"product_brand":[],"product_cat":[281],"product_tag":[490],"class_list":{"0":"post-10868","1":"product","2":"type-product","3":"status-publish","4":"has-post-thumbnail","6":"product_cat-belleza-y-cuidado-personal","7":"product_tag-jabones-corporales","8":"thunk-woo-product-list","9":"th-shop-mania-woo-hover-","10":"open-single-product-tab-horizontal","11":"open-shadow-","12":"open-shadow-hover-","13":"th-shop-mania-single-product-content-left","15":"first","16":"instock","17":"taxable","18":"shipping-taxable","19":"purchasable","20":"product-type-simple"},"_links":{"self":[{"href":"https:\/\/macketi.com\/en\/wp-json\/wp\/v2\/product\/10868","targetHints":{"allow":["GET"]}}],"collection":[{"href":"https:\/\/macketi.com\/en\/wp-json\/wp\/v2\/product"}],"about":[{"href":"https:\/\/macketi.com\/en\/wp-json\/wp\/v2\/types\/product"}],"replies":[{"embeddable":true,"href":"https:\/\/macketi.com\/en\/wp-json\/wp\/v2\/comments?post=10868"}],"wp:featuredmedia":[{"embeddable":true,"href":"https:\/\/macketi.com\/en\/wp-json\/wp\/v2\/media\/10869"}],"wp:attachment":[{"href":"https:\/\/macketi.com\/en\/wp-json\/wp\/v2\/media?parent=10868"}],"wp:term":[{"taxonomy":"product_brand","embeddable":true,"href":"https:\/\/macketi.com\/en\/wp-json\/wp\/v2\/product_brand?post=10868"},{"taxonomy":"product_cat","embeddable":true,"href":"https:\/\/macketi.com\/en\/wp-json\/wp\/v2\/product_cat?post=10868"},{"taxonomy":"product_tag","embeddable":true,"href":"https:\/\/macketi.com\/en\/wp-json\/wp\/v2\/product_tag?post=10868"}],"curies":[{"name":"wp","href":"https:\/\/api.w.org\/{rel}","templated":true}]}}