{"id":10721,"date":"2024-11-28T16:20:31","date_gmt":"2024-11-28T15:20:31","guid":{"rendered":"https:\/\/macketi.com\/?post_type=product&#038;p=10721"},"modified":"2025-10-12T10:53:36","modified_gmt":"2025-10-12T08:53:36","slug":"bolso-para-bebe-2","status":"publish","type":"product","link":"https:\/\/macketi.com\/en\/product\/bolso-para-bebe-2\/","title":{"rendered":"Bolso para beb\u00e9"},"content":{"rendered":"<p>Bolso ideal para llevar las cosas de tu beb\u00e9 cuando vas con \u00e9l fuera de casa. Modelo peque\u00f1o.<\/p>","protected":false},"excerpt":{"rendered":"<p>Bolso ideal para llevar las cosas de tu beb\u00e9 cuando vas con \u00e9l fuera de casa. Modelo peque\u00f1o.<\/p>","protected":false},"featured_media":10720,"comment_status":"open","ping_status":"closed","template":"","meta":[],"product_brand":[],"product_cat":[468],"product_tag":[469],"class_list":{"0":"post-10721","1":"product","2":"type-product","3":"status-publish","4":"has-post-thumbnail","6":"product_cat-accesorios-bebes","7":"product_tag-bolsos-para-bebes","8":"pa_color-azul","9":"pa_color-rosa","10":"thunk-woo-product-list","11":"th-shop-mania-woo-hover-","12":"open-single-product-tab-horizontal","13":"open-shadow-","14":"open-shadow-hover-","15":"th-shop-mania-single-product-content-left","17":"first","18":"instock","19":"taxable","20":"shipping-taxable","21":"purchasable","22":"product-type-variable"},"_links":{"self":[{"href":"https:\/\/macketi.com\/en\/wp-json\/wp\/v2\/product\/10721","targetHints":{"allow":["GET"]}}],"collection":[{"href":"https:\/\/macketi.com\/en\/wp-json\/wp\/v2\/product"}],"about":[{"href":"https:\/\/macketi.com\/en\/wp-json\/wp\/v2\/types\/product"}],"replies":[{"embeddable":true,"href":"https:\/\/macketi.com\/en\/wp-json\/wp\/v2\/comments?post=10721"}],"wp:featuredmedia":[{"embeddable":true,"href":"https:\/\/macketi.com\/en\/wp-json\/wp\/v2\/media\/10720"}],"wp:attachment":[{"href":"https:\/\/macketi.com\/en\/wp-json\/wp\/v2\/media?parent=10721"}],"wp:term":[{"taxonomy":"product_brand","embeddable":true,"href":"https:\/\/macketi.com\/en\/wp-json\/wp\/v2\/product_brand?post=10721"},{"taxonomy":"product_cat","embeddable":true,"href":"https:\/\/macketi.com\/en\/wp-json\/wp\/v2\/product_cat?post=10721"},{"taxonomy":"product_tag","embeddable":true,"href":"https:\/\/macketi.com\/en\/wp-json\/wp\/v2\/product_tag?post=10721"}],"curies":[{"name":"wp","href":"https:\/\/api.w.org\/{rel}","templated":true}]}}