{"id":10532,"date":"2024-11-22T11:58:46","date_gmt":"2024-11-22T10:58:46","guid":{"rendered":"https:\/\/macketi.com\/?post_type=product&#038;p=10532"},"modified":"2025-03-29T16:59:55","modified_gmt":"2025-03-29T15:59:55","slug":"chaquetilla-para-nina","status":"publish","type":"product","link":"https:\/\/macketi.com\/en\/product\/chaquetilla-para-nina\/","title":{"rendered":"Chaquetilla para ni\u00f1a"},"content":{"rendered":"","protected":false},"excerpt":{"rendered":"<p>Chaquetilla rosa para ni\u00f1a de 15 a\u00f1os<\/p>","protected":false},"featured_media":10533,"comment_status":"open","ping_status":"closed","template":"","meta":[],"product_brand":[],"product_cat":[278],"product_tag":[437],"class_list":{"0":"post-10532","1":"product","2":"type-product","3":"status-publish","4":"has-post-thumbnail","6":"product_cat-moda","7":"product_tag-ropa-para-ninas","8":"thunk-woo-product-list","9":"th-shop-mania-woo-hover-","10":"open-single-product-tab-horizontal","11":"open-shadow-","12":"open-shadow-hover-","13":"th-shop-mania-single-product-content-left","15":"first","16":"instock","17":"downloadable","18":"taxable","19":"shipping-taxable","20":"purchasable","21":"product-type-simple"},"_links":{"self":[{"href":"https:\/\/macketi.com\/en\/wp-json\/wp\/v2\/product\/10532","targetHints":{"allow":["GET"]}}],"collection":[{"href":"https:\/\/macketi.com\/en\/wp-json\/wp\/v2\/product"}],"about":[{"href":"https:\/\/macketi.com\/en\/wp-json\/wp\/v2\/types\/product"}],"replies":[{"embeddable":true,"href":"https:\/\/macketi.com\/en\/wp-json\/wp\/v2\/comments?post=10532"}],"wp:featuredmedia":[{"embeddable":true,"href":"https:\/\/macketi.com\/en\/wp-json\/wp\/v2\/media\/10533"}],"wp:attachment":[{"href":"https:\/\/macketi.com\/en\/wp-json\/wp\/v2\/media?parent=10532"}],"wp:term":[{"taxonomy":"product_brand","embeddable":true,"href":"https:\/\/macketi.com\/en\/wp-json\/wp\/v2\/product_brand?post=10532"},{"taxonomy":"product_cat","embeddable":true,"href":"https:\/\/macketi.com\/en\/wp-json\/wp\/v2\/product_cat?post=10532"},{"taxonomy":"product_tag","embeddable":true,"href":"https:\/\/macketi.com\/en\/wp-json\/wp\/v2\/product_tag?post=10532"}],"curies":[{"name":"wp","href":"https:\/\/api.w.org\/{rel}","templated":true}]}}