{"id":10373,"date":"2024-11-17T00:55:09","date_gmt":"2024-11-16T23:55:09","guid":{"rendered":"https:\/\/macketi.com\/?post_type=product&#038;p=10373"},"modified":"2025-03-29T16:59:54","modified_gmt":"2025-03-29T15:59:54","slug":"sabor-de-shisha-love","status":"publish","type":"product","link":"https:\/\/macketi.com\/en\/product\/sabor-de-shisha-love\/","title":{"rendered":"Sabor de shisha love"},"content":{"rendered":"<p>Love 66 es el sabor m\u00e1s popular de Adalya. Love 66 tiene color rojo te\u00f1ido y picado mediano. Este sabor es una mezcla tropical de maracuy\u00e1, mel\u00f3n dulce, sand\u00eda y menta. Es refrescante y dulce a la vez. Love 66 es una excelente opci\u00f3n para los amantes de los sabores afrutados y dulces.<\/p>","protected":false},"excerpt":{"rendered":"<p>Love 66 es el sabor m\u00e1s popular de Adalya. Love 66 tiene color rojo te\u00f1ido y picado mediano. Este sabor es una mezcla tropical de maracuy\u00e1, mel\u00f3n dulce, sand\u00eda y menta. Es refrescante y dulce a la vez. Love 66 es una excelente opci\u00f3n para los amantes de los sabores afrutados y dulces.<\/p>","protected":false},"featured_media":10414,"comment_status":"open","ping_status":"closed","template":"","meta":[],"product_brand":[],"product_cat":[425],"product_tag":[],"class_list":{"0":"post-10373","1":"product","2":"type-product","3":"status-publish","4":"has-post-thumbnail","6":"product_cat-sabores-de-shisha","7":"thunk-woo-product-list","8":"th-shop-mania-woo-hover-","9":"open-single-product-tab-horizontal","10":"open-shadow-","11":"open-shadow-hover-","12":"th-shop-mania-single-product-content-left","14":"first","15":"instock","16":"taxable","17":"shipping-taxable","18":"purchasable","19":"product-type-simple"},"aioseo_notices":[],"_links":{"self":[{"href":"https:\/\/macketi.com\/en\/wp-json\/wp\/v2\/product\/10373","targetHints":{"allow":["GET"]}}],"collection":[{"href":"https:\/\/macketi.com\/en\/wp-json\/wp\/v2\/product"}],"about":[{"href":"https:\/\/macketi.com\/en\/wp-json\/wp\/v2\/types\/product"}],"replies":[{"embeddable":true,"href":"https:\/\/macketi.com\/en\/wp-json\/wp\/v2\/comments?post=10373"}],"wp:featuredmedia":[{"embeddable":true,"href":"https:\/\/macketi.com\/en\/wp-json\/wp\/v2\/media\/10414"}],"wp:attachment":[{"href":"https:\/\/macketi.com\/en\/wp-json\/wp\/v2\/media?parent=10373"}],"wp:term":[{"taxonomy":"product_brand","embeddable":true,"href":"https:\/\/macketi.com\/en\/wp-json\/wp\/v2\/product_brand?post=10373"},{"taxonomy":"product_cat","embeddable":true,"href":"https:\/\/macketi.com\/en\/wp-json\/wp\/v2\/product_cat?post=10373"},{"taxonomy":"product_tag","embeddable":true,"href":"https:\/\/macketi.com\/en\/wp-json\/wp\/v2\/product_tag?post=10373"}],"curies":[{"name":"wp","href":"https:\/\/api.w.org\/{rel}","templated":true}]}}