{"id":10211,"date":"2024-11-10T13:34:09","date_gmt":"2024-11-10T12:34:09","guid":{"rendered":"https:\/\/macketi.com\/?post_type=product&#038;p=10211"},"modified":"2026-03-06T00:45:18","modified_gmt":"2026-03-05T23:45:18","slug":"exprimidor-portatil","status":"publish","type":"product","link":"https:\/\/macketi.com\/en\/product\/exprimidor-portatil\/","title":{"rendered":"Mini batidora port\u00e1til"},"content":{"rendered":"<p>Mini batidora port\u00e1til para batidos con bater\u00eda. Consigue un vaso de jugo fresco en cualquier lugar y en cualquier momento.<\/p>","protected":false},"excerpt":{"rendered":"<p>Mini batidora port\u00e1til para batidos con bater\u00eda. Consigue un vaso de jugo fresco en cualquier lugar y en cualquier momento.<\/p>","protected":false},"featured_media":10212,"comment_status":"open","ping_status":"closed","template":"","meta":[],"product_brand":[],"product_cat":[276,272],"product_tag":[],"class_list":{"0":"post-10211","1":"product","2":"type-product","3":"status-publish","4":"has-post-thumbnail","6":"product_cat-fitness","7":"product_cat-hogar-y-muebles","8":"pa_color-morado","9":"pa_color-rosa","10":"pa_color-verde","11":"thunk-woo-product-list","12":"th-shop-mania-woo-hover-","13":"open-single-product-tab-horizontal","14":"open-shadow-","15":"open-shadow-hover-","16":"th-shop-mania-single-product-content-left","18":"first","19":"instock","20":"taxable","21":"shipping-taxable","22":"purchasable","23":"product-type-variable","24":"has-default-attributes"},"_links":{"self":[{"href":"https:\/\/macketi.com\/en\/wp-json\/wp\/v2\/product\/10211","targetHints":{"allow":["GET"]}}],"collection":[{"href":"https:\/\/macketi.com\/en\/wp-json\/wp\/v2\/product"}],"about":[{"href":"https:\/\/macketi.com\/en\/wp-json\/wp\/v2\/types\/product"}],"replies":[{"embeddable":true,"href":"https:\/\/macketi.com\/en\/wp-json\/wp\/v2\/comments?post=10211"}],"wp:featuredmedia":[{"embeddable":true,"href":"https:\/\/macketi.com\/en\/wp-json\/wp\/v2\/media\/10212"}],"wp:attachment":[{"href":"https:\/\/macketi.com\/en\/wp-json\/wp\/v2\/media?parent=10211"}],"wp:term":[{"taxonomy":"product_brand","embeddable":true,"href":"https:\/\/macketi.com\/en\/wp-json\/wp\/v2\/product_brand?post=10211"},{"taxonomy":"product_cat","embeddable":true,"href":"https:\/\/macketi.com\/en\/wp-json\/wp\/v2\/product_cat?post=10211"},{"taxonomy":"product_tag","embeddable":true,"href":"https:\/\/macketi.com\/en\/wp-json\/wp\/v2\/product_tag?post=10211"}],"curies":[{"name":"wp","href":"https:\/\/api.w.org\/{rel}","templated":true}]}}