{"id":10172,"date":"2024-11-04T22:34:19","date_gmt":"2024-11-04T21:34:19","guid":{"rendered":"https:\/\/macketi.com\/?post_type=product&#038;p=10172"},"modified":"2025-03-29T16:59:53","modified_gmt":"2025-03-29T15:59:53","slug":"sombreros-de-tocado-retro-para-mujer-diadema-de-fiesta-de-te-plumas-de-malla-de-flores-clip-para-el-cabello-para-ninas-y-mujeres","status":"publish","type":"product","link":"https:\/\/macketi.com\/en\/product\/sombreros-de-tocado-retro-para-mujer-diadema-de-fiesta-de-te-plumas-de-malla-de-flores-clip-para-el-cabello-para-ninas-y-mujeres\/","title":{"rendered":"Sombrero de tocado retro"},"content":{"rendered":"","protected":false},"excerpt":{"rendered":"<ul class=\"a-unordered-list a-vertical a-spacing-mini\">\n<li class=\"a-spacing-mini\"><span class=\"a-list-item\">Sombrero de sol para mujer, sombrero de sol para mujer, sombrero de sol para ni\u00f1os, sombrero de sol de ala ancha, sombrero de sol para mujer, sombrero de sol para mujer, sombrero de sol para reci\u00e9n nacido, sombrero de sol para beb\u00e9, sombrero de sol de 6 a 12 meses, sombrero de paja para el sol, sombrero de sol para mujer, sombrero de sol para mujer, sombrero de sol para mujer, sombrero de sol para mujer, sombrero de sol grande para ni\u00f1as peque\u00f1as sombrero de sol ni\u00f1os edad 2 -4 sombreros de gran tama\u00f1o para el sol<\/span><\/li>\n<li class=\"a-spacing-mini\"><span class=\"a-list-item\">Sombrero de sol blanco para ni\u00f1o peque\u00f1o, sombrero de sol para hombres con protecci\u00f3n UV, sombrero de sol para mujer, sombrero de sol para mujer, sombrero de sol con solapa para el cuello, brotes verdes, sombrero de sol enorme para mujer, sombrero de sol para mujer con agujero para cola de caballo, viseras de sol para mujer, viseras de paja para hombres, viseras de golf para hombres, viseras de f\u00fatbol para casco, viseras de playa para mujer, viseras de tenis para mujer viseras para mujer Viseras de f\u00fatbol con protecci\u00f3n UV<\/span><\/li>\n<li class=\"a-spacing-mini\"><span class=\"a-list-item\">Sombrero de conejo, sombrero de vaquero, sombrero de playa, sombrero de camionero, sombrero de cubo para hombres, sombrero de derby, sombrero de rana, sombrero de sol para mujer, sombrero de pesca, sombrero de vaquera, sombrero de sol para mujer, sombrero de paja para mujer, sombrero de cubo para mujer, sombrero de beb\u00e9, sombrero de sol para mujer, sombrero de playa para mujer, sombrero de pescador, sombrero de vaquero para hombre, sombrero de senderismo, sombrero de vaquero para mujer, sombrero de verano para mujer, sombrero de verano para mujer, sombrero de derby para mujer, sombrero de ala ancha sombrero mujer<\/span><\/li>\n<li class=\"a-spacing-mini\"><span class=\"a-list-item\">Sombrero de vaquera rosa, sombrero de vaquero blanco, sombrero de playa para hombre, sombrero de cubo blanco, sombrero de vaquera para mujer, sombrero de ala ancha, sombrero de paja para mujer, sombrero de vaquero rosa, sombrero de conejo con orejas m\u00f3viles, sombrero de cubo para hombre, sombrero de cumplea\u00f1os, sombrero de pesca para hombres, sombrero de cumplea\u00f1os, sombrero de sol para reci\u00e9n nacido, sombrero de paja para ni\u00f1os, sombrero de paja con cuerdas, sombrero de sol para beb\u00e9, sombrero de sol de 6 a 12 meses, gorra de b\u00e9isbol para hombre, gorra de b\u00e9isbol negra gorra de b\u00e9isbol hombre<\/span><\/li>\n<li class=\"a-spacing-mini\"><span class=\"a-list-item\">Tocado para mujer, tocados para fiesta de t\u00e9 para mujer, tocados para fiesta de t\u00e9, tocados multicolor para mujer, fiesta de t\u00e9, tocados morados para mujer, fiesta de t\u00e9, tocados azules para mujer, tocados de lujo, sombreros para mujer, diadema de sol, diadema de d\u00eda de San Valent\u00edn, diadema amarilla, diadema naranja, diadema de orejas de conejo, diadema de Acci\u00f3n de Gracias, diadema de orejas de leopardo, diadema de nudo para mujer, diadema facial, pelucas de cabello humano dorado<\/span><\/li>\n<\/ul>","protected":false},"featured_media":10173,"comment_status":"open","ping_status":"closed","template":"","meta":[],"product_brand":[],"product_cat":[278],"product_tag":[],"class_list":{"0":"post-10172","1":"product","2":"type-product","3":"status-publish","4":"has-post-thumbnail","6":"product_cat-moda","7":"thunk-woo-product-list","8":"th-shop-mania-woo-hover-","9":"open-single-product-tab-horizontal","10":"open-shadow-","11":"open-shadow-hover-","12":"th-shop-mania-single-product-content-left","14":"first","15":"instock","16":"taxable","17":"shipping-taxable","18":"purchasable","19":"product-type-simple"},"_links":{"self":[{"href":"https:\/\/macketi.com\/en\/wp-json\/wp\/v2\/product\/10172","targetHints":{"allow":["GET"]}}],"collection":[{"href":"https:\/\/macketi.com\/en\/wp-json\/wp\/v2\/product"}],"about":[{"href":"https:\/\/macketi.com\/en\/wp-json\/wp\/v2\/types\/product"}],"replies":[{"embeddable":true,"href":"https:\/\/macketi.com\/en\/wp-json\/wp\/v2\/comments?post=10172"}],"wp:featuredmedia":[{"embeddable":true,"href":"https:\/\/macketi.com\/en\/wp-json\/wp\/v2\/media\/10173"}],"wp:attachment":[{"href":"https:\/\/macketi.com\/en\/wp-json\/wp\/v2\/media?parent=10172"}],"wp:term":[{"taxonomy":"product_brand","embeddable":true,"href":"https:\/\/macketi.com\/en\/wp-json\/wp\/v2\/product_brand?post=10172"},{"taxonomy":"product_cat","embeddable":true,"href":"https:\/\/macketi.com\/en\/wp-json\/wp\/v2\/product_cat?post=10172"},{"taxonomy":"product_tag","embeddable":true,"href":"https:\/\/macketi.com\/en\/wp-json\/wp\/v2\/product_tag?post=10172"}],"curies":[{"name":"wp","href":"https:\/\/api.w.org\/{rel}","templated":true}]}}