{"id":10074,"date":"2024-10-01T14:20:22","date_gmt":"2024-10-01T12:20:22","guid":{"rendered":"https:\/\/macketi.com\/?post_type=product&#038;p=10074"},"modified":"2025-11-18T09:34:48","modified_gmt":"2025-11-18T08:34:48","slug":"platano-frito","status":"publish","type":"product","link":"https:\/\/macketi.com\/en\/product\/platano-frito\/","title":{"rendered":"Pl\u00e1tano frito sabor a queso"},"content":{"rendered":"<p>El irresistible sabor del pl\u00e1tano frito con un toque a queso rojo ser\u00e1 tu aperitivo entre horas.<\/p>","protected":false},"excerpt":{"rendered":"<p>Pl\u00e1tano frito nacional con sabor a queso.<\/p>","protected":false},"featured_media":10075,"comment_status":"open","ping_status":"closed","template":"","meta":[],"product_brand":[],"product_cat":[357],"product_tag":[365,367,366],"class_list":{"0":"post-10074","1":"product","2":"type-product","3":"status-publish","4":"has-post-thumbnail","6":"product_cat-almacen","7":"product_tag-alimentacion","8":"product_tag-aperitivos","9":"product_tag-snacks","10":"thunk-woo-product-list","11":"th-shop-mania-woo-hover-","12":"open-single-product-tab-horizontal","13":"open-shadow-","14":"open-shadow-hover-","15":"th-shop-mania-single-product-content-left","17":"first","18":"instock","19":"taxable","20":"shipping-taxable","21":"purchasable","22":"product-type-simple"},"_links":{"self":[{"href":"https:\/\/macketi.com\/en\/wp-json\/wp\/v2\/product\/10074","targetHints":{"allow":["GET"]}}],"collection":[{"href":"https:\/\/macketi.com\/en\/wp-json\/wp\/v2\/product"}],"about":[{"href":"https:\/\/macketi.com\/en\/wp-json\/wp\/v2\/types\/product"}],"replies":[{"embeddable":true,"href":"https:\/\/macketi.com\/en\/wp-json\/wp\/v2\/comments?post=10074"}],"wp:featuredmedia":[{"embeddable":true,"href":"https:\/\/macketi.com\/en\/wp-json\/wp\/v2\/media\/10075"}],"wp:attachment":[{"href":"https:\/\/macketi.com\/en\/wp-json\/wp\/v2\/media?parent=10074"}],"wp:term":[{"taxonomy":"product_brand","embeddable":true,"href":"https:\/\/macketi.com\/en\/wp-json\/wp\/v2\/product_brand?post=10074"},{"taxonomy":"product_cat","embeddable":true,"href":"https:\/\/macketi.com\/en\/wp-json\/wp\/v2\/product_cat?post=10074"},{"taxonomy":"product_tag","embeddable":true,"href":"https:\/\/macketi.com\/en\/wp-json\/wp\/v2\/product_tag?post=10074"}],"curies":[{"name":"wp","href":"https:\/\/api.w.org\/{rel}","templated":true}]}}