{"id":3071,"date":"2024-05-21T19:30:56","date_gmt":"2024-05-21T17:30:56","guid":{"rendered":"https:\/\/macketi.com\/?page_id=3071"},"modified":"2024-05-21T20:13:51","modified_gmt":"2024-05-21T18:13:51","slug":"terminos-y-condiciones","status":"publish","type":"page","link":"https:\/\/macketi.com\/en\/terminos-y-condiciones\/","title":{"rendered":"Terms and conditions"},"content":{"rendered":"<div data-elementor-type=\"wp-page\" data-elementor-id=\"3071\" class=\"elementor elementor-3071\" data-elementor-post-type=\"page\">\n\t\t\t\t<div class=\"elementor-element elementor-element-c031184 e-con-full e-flex e-con e-parent\" data-id=\"c031184\" data-element_type=\"container\" data-e-type=\"container\">\n\t\t\t\t<div class=\"elementor-element elementor-element-204f3b6 elementor-widget elementor-widget-heading\" data-id=\"204f3b6\" data-element_type=\"widget\" data-e-type=\"widget\" data-widget_type=\"heading.default\">\n\t\t\t\t<div class=\"elementor-widget-container\">\n\t\t\t\t\t<h2 class=\"elementor-heading-title elementor-size-default\">Terms and conditions<\/h2>\t\t\t\t<\/div>\n\t\t\t\t<\/div>\n\t\t\t\t<\/div>\n\t\t<div class=\"elementor-element elementor-element-6feabed5 e-con-full e-flex e-con e-parent\" data-id=\"6feabed5\" data-element_type=\"container\" data-e-type=\"container\" data-settings=\"{&quot;background_background&quot;:&quot;classic&quot;}\">\n\t\t\t\t<div class=\"elementor-element elementor-element-2ee08753 elementor-widget elementor-widget-text-editor\" data-id=\"2ee08753\" data-element_type=\"widget\" data-e-type=\"widget\" data-widget_type=\"text-editor.default\">\n\t\t\t\t<div class=\"elementor-widget-container\">\n\t\t\t\t\t\t\t\t\t\n<p>Versi\u00f3n vigente: 18 de octubre, 2023<\/p>\n\n\n\n<p><strong>Resumen de t\u00e9rminos y condiciones<\/strong><\/p>\n\n\n\n<p>Macketi es una compa\u00f1\u00eda de tecnolog\u00eda que ofrece servicios vinculados principalmente al comercio electr\u00f3nico.<\/p>\n\n\n\n<ul class=\"wp-block-list\">\n<li>El Marketplace es una plataforma de comercio electr\u00f3nico donde las Personas Usuarias pueden vender y comprar productos usando distintas soluciones de pago y env\u00edo.<\/li>\n<\/ul>\n\n\n\n<p>Para poder operar en la plataforma todas las Personas Usuarias deber\u00e1n aceptar los T\u00e9rminos y Condiciones, los anexos y la Declaraci\u00f3n de Privacidad.<\/p>\n\n\n\n<p>Podr\u00e1n operar dentro de Macketi quienes tengan capacidad legal y menores de edad debidamente autorizados.<\/p>\n\n\n\n<p>Cada Persona Usuaria es responsable de los datos personales que brinda al momento de registrarse y se obliga a mantenerlos actualizados. Adem\u00e1s, es el \u00fanico responsable del uso y resguardo de su contrase\u00f1a.&nbsp;<\/p>\n\n\n\n<p>En algunos casos, podremos cobrar una tarifa por el uso de los servicios que integran el ecosistema de Macketi, que la Persona Usuaria se compromete a pagar.<\/p>\n\n\n\n<p>1- Macketi<\/p>\n\n\n\n<p>Macketi es una compa\u00f1\u00eda de tecnolog\u00eda que ofrece servicios vinculados principalmente al comercio electr\u00f3nico.&nbsp;<\/p>\n\n\n\n<p>Los servicios que ofrece Mercado Libre en los sitios&nbsp;<a href=\"https:\/\/macketi.com\/en\/\">www.macketi.com<\/a> &nbsp;(de ahora en m\u00e1s: \u201cSitio\u201d) est\u00e1n dise\u00f1ados para formar un ecosistema que permita a las personas vender y comprar con tecnolog\u00eda aplicada .<\/p>\n\n\n\n<p>2- T\u00e9rminos y Condiciones<\/p>\n\n\n\n<p>Estos t\u00e9rminos y condiciones y los anexos que explican los servicios del Ecosistema Macketi (de ahora en m\u00e1s: \u201cT\u00e9rminos y Condiciones\u201d) regulan la relaci\u00f3n entre Macketi y las&nbsp; personas que usan sus servicios (\u201cPersonas Usuarias\u201d).&nbsp;<\/p>\n\n\n\n<p>Las Personas Usuarias aceptan estos T\u00e9rminos y Condiciones desde el momento en que se registran en el Sitio y usan el Ecosistema MacketiI.<\/p>\n\n\n\n<p>Cuando debamos hacer cambios importantes en nuestros servicios, publicaremos las modificaciones con 10 d\u00edas corridos de anticipaci\u00f3n para que las Personas Usuarias puedan revisarlas y seguir usando el Ecosistema Macketi. El plazo ser\u00e1 de 2 d\u00edas h\u00e1biles en caso de que tengamos que actualizar las tarifas de nuestros servicios. En ning\u00fan caso afectar\u00e1n las operaciones que ya hayan finalizado.<\/p>\n\n\n\n<p>Las Personas Usuarias que no tengan obligaciones pendientes con Macketi o con otras Personas Usuarias, podr\u00e1n finalizar la relaci\u00f3n con Macketi cancelando su cuenta.&nbsp;<\/p>\n\n\n\n<p>3- Capacidad<\/p>\n\n\n\n<p>Podr\u00e1n usar nuestros servicios las personas mayores de edad que tengan capacidad legal para contratar. Los menores de edad, a partir de los 13 a\u00f1os, s\u00f3lo podr\u00e1n utilizar su cuenta con autorizaci\u00f3n del representante legal, quien responder\u00e1 por todas las acciones y obligaciones que se deriven de la utilizaci\u00f3n de esa cuenta y quien deber\u00e1 velar por el uso responsable y adecuado de ella en atenci\u00f3n a la madurez del menor de edad que autorice.<\/p>\n\n\n\n<p>Quien use el Ecosistema Macketi en representaci\u00f3n de una empresa deber\u00e1 tener capacidad para contratar a nombre de ella. Adem\u00e1s, para poder usar la cuenta, la Persona Usuaria debe encontrarse activa.&nbsp;<\/p>\n\n\n\n<p>4- Registro y Cuenta<\/p>\n\n\n\n<p>Quien quiera usar nuestros servicios, deber\u00e1 completar el formulario de registro con los datos que le sean requeridos. Al completarlo, se compromete a hacerlo de manera exacta, precisa y verdadera y a mantener sus datos siempre actualizados. La Persona Usuaria ser\u00e1 la \u00fanica responsable de la certeza de sus datos de registro. Sin perjuicio de la informaci\u00f3n brindada en el formulario, podremos solicitar y\/o consultar informaci\u00f3n adicional para corroborar la identidad de la Persona Usuaria.&nbsp;<\/p>\n\n\n\n<p>La cuenta es personal, \u00fanica e intransferible, es decir que bajo ning\u00fan concepto se podr\u00e1 vender o ceder a otra persona. Se accede a ella con la clave personal de seguridad que haya elegido y que deber\u00e1 mantener bajo estricta confidencialidad. La Persona Usuaria podr\u00e1 crear&nbsp;<a href=\"https:\/\/www.mercadolibre.com.ar\/ayuda\/25781\" target=\"_blank\" rel=\"noreferrer noopener\">Cuentas Colaboradoras<\/a>&nbsp;y definir sus permisos de acceso. En cualquier caso, la Persona Usuaria ser\u00e1 la \u00fanica responsable por las operaciones que se realicen en su cuenta. En caso de detectar un uso no autorizado de su cuenta, deber\u00e1 notificar de forma inmediata y fehaciente a Macketi.&nbsp;<\/p>\n\n\n\n<p>Podremos rechazar una solicitud de registro o bien cancelar un registro ya aceptado, sin que esto genere derecho a un resarcimiento. No podr\u00e1n registrarse nuevamente en el Sitio las Personas Usuarias que hayan sido inhabilitadas previamente. Tampoco podr\u00e1n registrarse quienes est\u00e9n incluidos o relacionados a personas incluidas en listas nacionales o internacionales de sanciones.&nbsp;<\/p>\n\n\n\n<p>Adem\u00e1s, en caso de detectar el uso de m\u00e1s de una cuenta, podremos aplicar retenciones, d\u00e9bitos y\/o cualquier otra medida si consideramos que ese accionar puede perjudicar al resto de las personas que usan el Sitio o a Macketi, m\u00e1s all\u00e1 de las sanciones que pudieran corresponder.&nbsp;<\/p>\n\n\n\n<p>5- Privacidad de datos<\/p>\n\n\n\n<p>En Macketi hacemos un uso responsable de la informaci\u00f3n personal, protegiendo la privacidad de las Personas Usuarias que nos confiaron sus datos y tomando las medidas necesarias para garantizar la seguridad en nuestro Ecosistema Macketi.&nbsp;<\/p>\n\n\n\n<p>6- Acceso a Otra Informaci\u00f3n Comercial<\/p>\n\n\n\n<p>Adem\u00e1s de lo previsto en las secciones anteriores, Macketi proporciona herramientas, aplicaciones y servicios basados en otra informaci\u00f3n comercial provista por las Personas Usuarias y\/o generada al utilizar los servicios del Ecosistema Macketi, para ayudar a los Vendedores a optimizar sus ventas, aumentar su volumen y gestionar su negocio. Tambi\u00e9n podremos usarla para ofrecer a las Personas Usuarias promociones, productos y servicios de otras empresas o de marca compartida.<\/p>\n\n\n\n<p>7- Sanciones<\/p>\n\n\n\n<p>En caso que la Persona Usuaria incumpliera una ley o los T\u00e9rminos y Condiciones, podremos advertir, suspender, restringir o inhabilitar temporal o definitivamente su cuenta, sin perjuicio de otras sanciones que se establezcan en las reglas de uso particulares de los servicios de Macketi.&nbsp;<\/p>\n\n\n\n<p>8- Responsabilidad<\/p>\n\n\n\n<p>Macketi ser\u00e1 responsable por cualquier defecto en la prestaci\u00f3n de su servicio, en la medida en que le sea imputable y con el alcance previsto en las leyes vigentes.&nbsp;<\/p>\n\n\n\n<p>9- Tarifas<\/p>\n\n\n\n<p>Macketi podr\u00e1 cobrar por sus servicios y la Persona Usuaria se compromete a pagarlos a tiempo.&nbsp;<\/p>\n\n\n\n<p>Podremos modificar o eliminar las tarifas en cualquier momento con el debido preaviso establecido en la cl\u00e1usula 2 de estos T\u00e9rminos y Condiciones. De la misma manera, podremos modificar las tarifas temporalmente por promociones en favor de las Personas Usuarias.&nbsp;<\/p>\n\n\n\n<p>Para conocer el detalle de las tarifas de cada servicio, las Personas Usuarias deber\u00e1n consultar los t\u00e9rminos y condiciones correspondientes.&nbsp;<\/p>\n\n\n\n<p>10- Propiedad Intelectual<\/p>\n\n\n\n<p>Macketi es propietaria de todos los derechos de propiedad intelectual sobre su sitio, todo su contenido, servicios, productos, marcas, nombres comerciales, logos, dise\u00f1os, im\u00e1genes, frases publicitarias, derechos de autor, dominios, programas de computaci\u00f3n, c\u00f3digos, desarrollos, software, bases de datos, informaci\u00f3n, tecnolog\u00eda, patentes y modelos de utilidad, dise\u00f1os y modelos industriales, secretos comerciales, entre otros (\u201cPropiedad Intelectual\u201d) y se encuentran protegidos por leyes nacionales e internacionales.<\/p>\n\n\n\n<p>Aunque Macketi otorga permiso para usar sus productos y servicios conforme a lo previsto en los T\u00e9rminos y Condiciones, esto no implica una autorizaci\u00f3n para usar su &nbsp;Propiedad Intelectual, excepto consentimiento previo y expreso de Macketi. En cualquier caso, los usuarios vendedores que usen dichos productos y servicios no podr\u00e1n utilizar la Propiedad Intelectual de Macketi de una manera que cause confusi\u00f3n en el p\u00fablico y deber\u00e1n llevar a cabo su actividad comercial bajo una marca o nombre comercial propio y distintivo, que no resulte confundible con la marca Macketi.<\/p>\n\n\n\n<p>Est\u00e1 prohibido usar nuestros productos o servicios para fines ilegales, realizar cualquier tipo de ingenier\u00eda inversa u obras derivadas, utilizar herramientas de b\u00fasqueda o de extracci\u00f3n de datos y contenidos de nuestra plataforma para su reutilizaci\u00f3n y\/o crear bases de datos propias que incluyan en todo o en parte nuestro contenido sin nuestra expresa autorizaci\u00f3n. Est\u00e1 tambi\u00e9n prohibido el uso indebido, sin autorizaci\u00f3n y\/o contrario a la normativa vigente y\/o que genere confusi\u00f3n o implique uso denigratorio y\/o que le cause perjuicio, da\u00f1os o p\u00e9rdidas a Macketi. La utilizaci\u00f3n de los productos y servicios de Macketi tampoco implica la autorizaci\u00f3n para usar propiedad intelectual de terceros que pueda estar involucrada, cuyo uso quedar\u00e1 bajo exclusiva responsabilidad del usuario.&nbsp;<br>En caso que una Persona Usuaria o cualquier publicaci\u00f3n infrinja la Propiedad Intelectual de Macketi o de terceros, Macketi podr\u00e1 remover dicha publicaci\u00f3n total o parcialmente), sancionar al usuario conforme a lo previsto en estos T\u00e9rminos y Condiciones y ejercer las acciones extrajudiciales y\/o judiciales correspondientes.<\/p>\n\n\n\n<p>&nbsp;11- Indemnidad<\/p>\n\n\n\n<p>La Persona Usuaria mantendr\u00e1 indemne a Macketi, as\u00ed como a quienes la dirigen, suceden, administran, representan y\/o trabajan en ellas, por cualquier reclamo administrativo o judicial iniciado por otras Personas Usuarias, terceros o por cualquier Organismo, relacionado con sus actividades en el Ecosistema Macketi.<br>En virtud de esa responsabilidad, podr\u00e1n realizar compensaciones, retenciones u otras medidas necesarias para la reparaci\u00f3n de p\u00e9rdidas, da\u00f1os y perjuicios, cualquiera sea su naturaleza.<\/p>\n\n\n\n<p>12- Anexos<\/p>\n\n\n\n<p>Adem\u00e1s de estos T\u00e9rminos y Condiciones, cada servicio del Ecosistema Macketi tiene sus propias reglas de uso: &nbsp;<\/p>\n\n\n\n<ul class=\"wp-block-list\">\n<li><a href=\"https:\/\/www.mercadolibre.com.ar\/ayuda\/23050\">Marketplace<\/a><\/li>\n<\/ul>\n\n\n\n<p>13- Jurisdicci\u00f3n y Ley Aplicable<\/p>\n\n\n\n<p>Estos T\u00e9rminos y Condiciones se rigen por la ley ecuatoguineana. Toda controversia derivada de su aplicaci\u00f3n, interpretaci\u00f3n, ejecuci\u00f3n o validez ser\u00e1 resuelta por los tribunales nacionales ordinarios competentes, con asiento en la Ciudad de Malabo, salvo disposici\u00f3n espec\u00edfica de normas de orden p\u00fablico, como por ejemplo, legislaci\u00f3n relativa al Consumidor. Para todos los efectos relacionados con estos T\u00e9rminos y Condiciones y con el uso del sitio, Macketi &nbsp;establece como domicilio Malabo, Guinea Ecuatorial.<\/p>\n\t\t\t\t\t\t\t\t<\/div>\n\t\t\t\t<\/div>\n\t\t\t\t<\/div>\n\t\t\t\t<\/div>","protected":false},"excerpt":{"rendered":"<p>T\u00e9rminos y Condiciones Versi\u00f3n vigente: 18 de octubre, 2023 Resumen de t\u00e9rminos y condiciones Macketi es una compa\u00f1\u00eda de tecnolog\u00eda que ofrece servicios vinculados principalmente al comercio electr\u00f3nico. Para poder operar en la plataforma todas las Personas Usuarias deber\u00e1n aceptar los T\u00e9rminos y Condiciones, los anexos y la Declaraci\u00f3n de Privacidad. Podr\u00e1n operar dentro de &hellip;<\/p>\n<p class=\"read-more\"> <a class=\"thunk-readmore button\" href=\"https:\/\/macketi.com\/en\/terminos-y-condiciones\/\"> <span class=\"screen-reader-text\">Terms and conditions<\/span>Read More<\/a><\/p>","protected":false},"author":1,"featured_media":0,"parent":0,"menu_order":0,"comment_status":"closed","ping_status":"closed","template":"","meta":{"footnotes":""},"class_list":["post-3071","page","type-page","status-publish","hentry","thunk-woo-product-list","th-shop-mania-woo-hover-","open-single-product-tab-horizontal","open-shadow-","open-shadow-hover-","th-shop-mania-single-product-content-left"],"_links":{"self":[{"href":"https:\/\/macketi.com\/en\/wp-json\/wp\/v2\/pages\/3071","targetHints":{"allow":["GET"]}}],"collection":[{"href":"https:\/\/macketi.com\/en\/wp-json\/wp\/v2\/pages"}],"about":[{"href":"https:\/\/macketi.com\/en\/wp-json\/wp\/v2\/types\/page"}],"author":[{"embeddable":true,"href":"https:\/\/macketi.com\/en\/wp-json\/wp\/v2\/users\/1"}],"replies":[{"embeddable":true,"href":"https:\/\/macketi.com\/en\/wp-json\/wp\/v2\/comments?post=3071"}],"version-history":[{"count":4,"href":"https:\/\/macketi.com\/en\/wp-json\/wp\/v2\/pages\/3071\/revisions"}],"predecessor-version":[{"id":3108,"href":"https:\/\/macketi.com\/en\/wp-json\/wp\/v2\/pages\/3071\/revisions\/3108"}],"wp:attachment":[{"href":"https:\/\/macketi.com\/en\/wp-json\/wp\/v2\/media?parent=3071"}],"curies":[{"name":"wp","href":"https:\/\/api.w.org\/{rel}","templated":true}]}}