{"id":2172,"date":"2024-05-21T19:29:10","date_gmt":"2024-05-21T17:29:10","guid":{"rendered":"https:\/\/wpthemes.themehunk.com\/amaze-mania\/?page_id=8"},"modified":"2024-05-21T20:24:48","modified_gmt":"2024-05-21T18:24:48","slug":"refund_returns","status":"publish","type":"page","link":"https:\/\/macketi.com\/en\/refund_returns\/","title":{"rendered":"Costs to sell in Macketi"},"content":{"rendered":"<div data-elementor-type=\"wp-page\" data-elementor-id=\"2172\" class=\"elementor elementor-2172\" data-elementor-post-type=\"page\">\n\t\t\t\t<div class=\"elementor-element elementor-element-18a5352 e-con-full e-flex e-con e-parent\" data-id=\"18a5352\" data-element_type=\"container\" data-e-type=\"container\">\n\t\t\t\t<div class=\"elementor-element elementor-element-a9d6bed elementor-widget elementor-widget-heading\" data-id=\"a9d6bed\" data-element_type=\"widget\" data-e-type=\"widget\" data-widget_type=\"heading.default\">\n\t\t\t\t<div class=\"elementor-widget-container\">\n\t\t\t\t\t<h2 class=\"elementor-heading-title elementor-size-default\">Costs to sell in Macketi<\/h2>\t\t\t\t<\/div>\n\t\t\t\t<\/div>\n\t\t\t\t<\/div>\n\t\t<div class=\"elementor-element elementor-element-7dfa43b3 e-con-full e-flex e-con e-parent\" data-id=\"7dfa43b3\" data-element_type=\"container\" data-e-type=\"container\" data-settings=\"{&quot;background_background&quot;:&quot;classic&quot;}\">\n\t\t\t\t<div class=\"elementor-element elementor-element-59aec1a8 elementor-widget elementor-widget-text-editor\" data-id=\"59aec1a8\" data-element_type=\"widget\" data-e-type=\"widget\" data-widget_type=\"text-editor.default\">\n\t\t\t\t<div class=\"elementor-widget-container\">\n\t\t\t\t\t\t\t\t\t\n<p><strong>Costs to sell in Macketi<\/strong><strong><\/strong><\/p>\n\n\n\n<p>Publicar en nuestra plataforma es gratis, solo pagas cuando la venta ya est\u00e9 concretada en algunos tipos de publicaci\u00f3n.<\/p>\n\n\n\n<p>Conoce las caracter\u00edsticas y costos de Macketi para saber c\u00f3mo planificar tu estrategia de venta.<\/p>\n\n\n\n<p><strong>Publicar en Macketi<\/strong><\/p>\n\n\n\n<p>Vender en Macketi te permite alcanzar a cientos de miles de compradores, tener tr\u00e1fico permanente en tus publicaciones y ofrecer env\u00edos r\u00e1pidos. Antes de publicar, ten en cuenta lo siguiente:<\/p>\n\n\n\n<ul class=\"wp-block-list\">\n<li><strong>El precio de tu producto tiene que ser igual o superior a 20.000 francos cefas.<\/strong>\u00a0Esto te\u00a0permitir\u00e1 cubrir los costos de la venta.<\/li>\n\n\n\n<li>Para vender productos de menos de 20.000 francos cefas,\u00a0te sugerimos que armes publicaciones nuevas ofreciendo packs de varias unidades.\u00a0<\/li>\n<\/ul>\n\n\n\n<p><strong>Tipos de publicaci\u00f3n en Macketi<\/strong><strong><\/strong><\/p>\n\n\n\n<figure class=\"wp-block-table\"><table><thead><tr><td><strong>&nbsp;<\/strong><\/td><td><strong>Cl\u00e1sica<\/strong><\/td><td><strong>Premium<\/strong><\/td><\/tr><\/thead><tbody><tr><td>Costo por publicar<\/td><td>Gratis<\/td><td>Gratis<\/td><\/tr><tr><td>Exposici\u00f3n en los listados<\/td><td>Alta<\/td><td>M\u00e1xima<\/td><\/tr><tr><td>Duraci\u00f3n<\/td><td>Ilimitada<\/td><td>Ilimitada<\/td><\/tr><tr><td>Costo por vender<\/td><td><strong>Entre 8% y 16%<\/strong>,seg\u00fan la categor\u00eda del producto + 15.500 XAF de costo fijo por unidad vendida en productos<br>menores a 90.000 XAF, o bien 18.500 XAF de costo fijo por unidad vendida en productos de entre 90.000 XAF y 185.000 XAF<\/td><td><strong>Entre 12,5% y 20,5%<\/strong>,seg\u00fan la categor\u00eda del producto + 15.500 XAF de costo fijo por unidad vendida en productos menores a 90.000 XAF, o bien 18.500 XAF de costo fijo por unidad vendida en productos de entre 90.000 XAF y 185.000 XAF<\/td><\/tr><\/tbody><\/table><\/figure>\n\n\n\n<figure class=\"wp-block-table\"><table><tbody><tr><td rowspan=\"2\"><strong>Categories<\/strong><\/td><td><strong>Cl\u00e1sica<\/strong><\/td><td><strong><br>Premium<\/strong> Ofreces meses sin intereses y tienes mayor exposici\u00f3n<\/td><\/tr><tr><td colspan=\"2\">+ 15.500 XAF por unidad vendida en productos menores a 90.000 XAF, o 18.500 XAF de costo fijo por unidad vendida en productos de entre 90.000 XAF y 185.000 XAF.<\/td><\/tr><tr><td>Celulares<\/td><td>10%<\/td><td>14,5%<\/td><\/tr><tr><td>Zapatillas<\/td><td>15%<\/td><td>19,5%<\/td><\/tr><tr><td>Neum\u00e1ticos de Auto<\/td><td>12%<\/td><td>16,5%<\/td><\/tr><tr><td>Suplementos<\/td><td>15%<\/td><td>19,5%<\/td><\/tr><tr><td>Auriculares<\/td><td>15%<\/td><td>19,5%<\/td><\/tr><tr><td>Equipamiento M\u00e9dico<\/td><td>15%<\/td><td>19,5%<\/td><\/tr><tr><td>Notebooks<\/td><td>10%<\/td><td>14,5%<\/td><\/tr><tr><td>Smartwatches<\/td><td>10%<\/td><td>14,5%<\/td><\/tr><tr><td>Libros<\/td><td>8%<\/td><td>12,5%<\/td><\/tr><tr><td>Cuidado Facial<\/td><td>14%<\/td><td>18,5%<\/td><\/tr><\/tbody><\/table><\/figure>\n\n\n\n<p><strong>Publicaci\u00f3n Cl\u00e1sica y Premium<\/strong><\/p>\n\n\n\n<p>Para que tus productos tengan mayor exposici\u00f3n en los listados de b\u00fasqueda, puedes elegir los tipos de publicaci\u00f3n Cl\u00e1sica o Premium y solo pagar cuando la venta ya est\u00e9 concretada. Adem\u00e1s, en tus publicaciones Premium ofreces meses sin intereses autom\u00e1ticamente.<br><br>Revisa la tabla y encuentra los porcentajes de los productos nuevos y usados de las categor\u00edas m\u00e1s vendidas. Si no encuentras la tuya,&nbsp;puedes buscarla y conocer el porcentaje exacto&nbsp;que pagar\u00e1s en cada tipo de publicaci\u00f3n.&nbsp;<\/p>\n\n\n\n<p><strong>Costo&nbsp;adicional en algunos productos<\/strong><strong><\/strong><\/p>\n\n\n\n<ul class=\"wp-block-list\">\n<li>En productos de menos de 90.000 XAF, pagar\u00e1s un costo fijo de 15.500 XAF por unidad vendida, adem\u00e1s del cargo por venta de Cl\u00e1sica o Premium que corresponda seg\u00fan la categor\u00eda. En productos de entre 90.000 XAF y 185.000 XAF, el costo fijo ser\u00e1 de 18.500 XAF.<\/li>\n<\/ul>\n\n\n\n<p>Por ejemplo,&nbsp;si vendes 2 unidades de unos auriculares publicados en el tipo de publicaci\u00f3n Premium a 62.000 XAF, el costo por venta ser\u00e1 el siguiente:<br><br>Costo por venta Premium (19,5% sobre $ 124.000)&nbsp; &nbsp; &nbsp; &nbsp; &nbsp; &nbsp;24.000 XAF<\/p>\n\n\n\n<p>Costo fijo al vender 2 unidades&nbsp; &nbsp; &nbsp; &nbsp; &nbsp; &nbsp; &nbsp; &nbsp; &nbsp; &nbsp; &nbsp; &nbsp; &nbsp; &nbsp; &nbsp; &nbsp; &nbsp;&nbsp;&nbsp;&nbsp;&nbsp;&nbsp; +&nbsp; 31.000 XAF<\/p>\n\n\n\n<p>Costos por venta total &nbsp; &nbsp; &nbsp;&nbsp;<em>&nbsp; &nbsp; &nbsp; &nbsp; &nbsp; &nbsp; &nbsp; &nbsp; &nbsp; &nbsp; &nbsp; &nbsp; &nbsp; &nbsp; &nbsp; &nbsp; &nbsp; &nbsp; &nbsp; &nbsp; &nbsp; &nbsp; &nbsp;&nbsp;&nbsp;&nbsp;&nbsp;&nbsp; <\/em>55.000 XAF<\/p>\n\n\n\n<ul class=\"wp-block-list\">\n<li>Los productos de Supermercado de menos de 300.000 XAF no tienen costo fijo por unidad vendida, pero pagan 3 puntos porcentuales adicionales al cargo por venta de Cl\u00e1sica o Premium.\u00a0<\/li>\n<\/ul>\n\t\t\t\t\t\t\t\t<\/div>\n\t\t\t\t<\/div>\n\t\t\t\t<\/div>\n\t\t\t\t<\/div>","protected":false},"excerpt":{"rendered":"<p>Costos por vender en Macketi Costos por vender en Macketi Publicar en nuestra plataforma es gratis, solo pagas cuando la venta ya est\u00e9 concretada en algunos tipos de publicaci\u00f3n. Conoce las caracter\u00edsticas y costos de Macketi para saber c\u00f3mo planificar tu estrategia de venta. Publicar en Macketi Vender en Macketi te permite alcanzar a cientos &hellip;<\/p>\n<p class=\"read-more\"> <a class=\"thunk-readmore button\" href=\"https:\/\/macketi.com\/en\/refund_returns\/\"> <span class=\"screen-reader-text\">Costs to sell in Macketi<\/span>Read More<\/a><\/p>","protected":false},"author":1,"featured_media":0,"parent":0,"menu_order":0,"comment_status":"closed","ping_status":"closed","template":"","meta":{"footnotes":""},"class_list":["post-2172","page","type-page","status-publish","hentry","thunk-woo-product-list","th-shop-mania-woo-hover-","open-single-product-tab-horizontal","open-shadow-","open-shadow-hover-","th-shop-mania-single-product-content-left"],"_links":{"self":[{"href":"https:\/\/macketi.com\/en\/wp-json\/wp\/v2\/pages\/2172","targetHints":{"allow":["GET"]}}],"collection":[{"href":"https:\/\/macketi.com\/en\/wp-json\/wp\/v2\/pages"}],"about":[{"href":"https:\/\/macketi.com\/en\/wp-json\/wp\/v2\/types\/page"}],"author":[{"embeddable":true,"href":"https:\/\/macketi.com\/en\/wp-json\/wp\/v2\/users\/1"}],"replies":[{"embeddable":true,"href":"https:\/\/macketi.com\/en\/wp-json\/wp\/v2\/comments?post=2172"}],"version-history":[{"count":5,"href":"https:\/\/macketi.com\/en\/wp-json\/wp\/v2\/pages\/2172\/revisions"}],"predecessor-version":[{"id":3115,"href":"https:\/\/macketi.com\/en\/wp-json\/wp\/v2\/pages\/2172\/revisions\/3115"}],"wp:attachment":[{"href":"https:\/\/macketi.com\/en\/wp-json\/wp\/v2\/media?parent=2172"}],"curies":[{"name":"wp","href":"https:\/\/api.w.org\/{rel}","templated":true}]}}