{"id":15305,"date":"2026-02-25T15:53:50","date_gmt":"2026-02-25T14:53:50","guid":{"rendered":"https:\/\/macketi.com\/?page_id=15305"},"modified":"2026-03-04T00:41:31","modified_gmt":"2026-03-03T23:41:31","slug":"registro-supermercado","status":"publish","type":"page","link":"https:\/\/macketi.com\/en\/registro-supermercado\/","title":{"rendered":"registro supermercado"},"content":{"rendered":"\t\t<div data-elementor-type=\"wp-page\" data-elementor-id=\"15305\" class=\"elementor elementor-15305\" data-elementor-post-type=\"page\">\n\t\t\t\t<div class=\"elementor-element elementor-element-d423139 e-con-full elementor-hidden-tablet elementor-hidden-mobile prueba e-flex e-con e-parent\" data-id=\"d423139\" data-element_type=\"container\" data-e-type=\"container\" data-settings=\"{&quot;background_background&quot;:&quot;classic&quot;}\">\n\t\t<div class=\"elementor-element elementor-element-f694ccd e-grid elementor-hidden-tablet elementor-hidden-mobile banner_inicial e-con-boxed e-con e-child\" data-id=\"f694ccd\" data-element_type=\"container\" data-e-type=\"container\" data-settings=\"{&quot;background_background&quot;:&quot;classic&quot;}\">\n\t\t\t\t\t<div class=\"e-con-inner\">\n\t\t<div class=\"elementor-element elementor-element-ee6e44d e-con-full e-flex e-con e-child\" data-id=\"ee6e44d\" data-element_type=\"container\" data-e-type=\"container\">\n\t\t\t\t<div class=\"elementor-element elementor-element-5c16c6e elementor-widget elementor-widget-text-editor\" data-id=\"5c16c6e\" data-element_type=\"widget\" data-e-type=\"widget\" data-widget_type=\"text-editor.default\">\n\t\t\t\t<div class=\"elementor-widget-container\">\n\t\t\t\t\t\t\t\t\t<div style=\"padding: 20px; font-family: sans-serif; max-width: 600px;\">\n<h2 style=\"font-size: 48px; font-weight: 800; color: #fff; margin: 0 0 15px 0; text-transform: uppercase; line-height: 1.1;\">0% TARIFAS POR 30 DIAS<\/h2>\n<p style=\"font-size: 18px; color: #FF; margin: 0 0 3px 0; line-height: 1.4; font-weight: 400;\">\u00bfTienes dudas sobre c\u00f3mo empezar? Habla con un experto de Macketi ahora mismo<\/p>\n\n<\/div>\t\t\t\t\t\t\t\t<\/div>\n\t\t\t\t<\/div>\n\t\t\t\t<div class=\"elementor-element elementor-element-5d2b259 elementor-align-left elementor-widget__width-initial elementor-widget elementor-widget-button\" data-id=\"5d2b259\" data-element_type=\"widget\" data-e-type=\"widget\" data-widget_type=\"button.default\">\n\t\t\t\t<div class=\"elementor-widget-container\">\n\t\t\t\t\t\t\t\t\t<div class=\"elementor-button-wrapper\">\n\t\t\t\t\t<a class=\"elementor-button elementor-button-link elementor-size-sm\" href=\"https:\/\/wa.me\/+240555705835\">\n\t\t\t\t\t\t<span class=\"elementor-button-content-wrapper\">\n\t\t\t\t\t\t\t\t\t<span class=\"elementor-button-text\">Contactar Soporte<\/span>\n\t\t\t\t\t<\/span>\n\t\t\t\t\t<\/a>\n\t\t\t\t<\/div>\n\t\t\t\t\t\t\t\t<\/div>\n\t\t\t\t<\/div>\n\t\t\t\t<\/div>\n\t\t<div class=\"elementor-element elementor-element-9b101cc e-con-full contenedor-formulario e-flex e-con e-child\" data-id=\"9b101cc\" data-element_type=\"container\" data-e-type=\"container\" data-settings=\"{&quot;background_background&quot;:&quot;classic&quot;}\">\n\t\t\t\t<div class=\"elementor-element elementor-element-56c745b elementor-widget elementor-widget-heading\" data-id=\"56c745b\" data-element_type=\"widget\" data-e-type=\"widget\" data-widget_type=\"heading.default\">\n\t\t\t\t<div class=\"elementor-widget-container\">\n\t\t\t\t\t<h2 class=\"elementor-heading-title elementor-size-default\">Registra tu Supermercado<\/h2>\t\t\t\t<\/div>\n\t\t\t\t<\/div>\n\t\t\t\t<div class=\"elementor-element elementor-element-413760e contenedor-campos elementor-button-align-stretch elementor-widget elementor-widget-form\" data-id=\"413760e\" data-element_type=\"widget\" data-e-type=\"widget\" data-settings=\"{&quot;step_next_label&quot;:&quot;Next&quot;,&quot;step_previous_label&quot;:&quot;Previous&quot;,&quot;button_width&quot;:&quot;100&quot;,&quot;step_type&quot;:&quot;number_text&quot;,&quot;step_icon_shape&quot;:&quot;circle&quot;}\" data-widget_type=\"form.default\">\n\t\t\t\t<div class=\"elementor-widget-container\">\n\t\t\t\t\t\t\t<form class=\"elementor-form\" method=\"post\" id=\"registro_vendedor_restaurante\" name=\"registro_restaurante\" aria-label=\"registro_restaurante\" novalidate=\"\">\n\t\t\t<input type=\"hidden\" name=\"post_id\" value=\"15305\"\/>\n\t\t\t<input type=\"hidden\" name=\"form_id\" value=\"413760e\"\/>\n\t\t\t<input type=\"hidden\" name=\"referer_title\" value=\"\" \/>\n\n\t\t\t\n\t\t\t<div class=\"elementor-form-fields-wrapper elementor-labels-above\">\n\t\t\t\t\t\t\t\t<div class=\"elementor-field-type-text elementor-field-group elementor-column elementor-field-group-nombre elementor-col-50 elementor-field-required\">\n\t\t\t\t\t\t\t\t\t\t\t\t\t<input size=\"1\" type=\"text\" name=\"form_fields[nombre]\" id=\"form-field-nombre\" class=\"elementor-field elementor-size-sm  elementor-field-textual\" placeholder=\"Nombre\" required=\"required\">\n\t\t\t\t\t\t\t\t\t\t\t<\/div>\n\t\t\t\t\t\t\t\t<div class=\"elementor-field-type-text elementor-field-group elementor-column elementor-field-group-apellidos elementor-col-50 elementor-field-required\">\n\t\t\t\t\t\t\t\t\t\t\t\t\t<input size=\"1\" type=\"text\" name=\"form_fields[apellidos]\" id=\"form-field-apellidos\" class=\"elementor-field elementor-size-sm  elementor-field-textual\" placeholder=\"Apellido\" required=\"required\">\n\t\t\t\t\t\t\t\t\t\t\t<\/div>\n\t\t\t\t\t\t\t\t<div class=\"elementor-field-type-email elementor-field-group elementor-column elementor-field-group-email elementor-col-100 elementor-field-required\">\n\t\t\t\t\t\t\t\t\t\t\t\t\t<input size=\"1\" type=\"email\" name=\"form_fields[email]\" id=\"form-field-email\" class=\"elementor-field elementor-size-sm  elementor-field-textual\" placeholder=\"E-mail\" required=\"required\">\n\t\t\t\t\t\t\t\t\t\t\t<\/div>\n\t\t\t\t\t\t\t\t<div class=\"elementor-field-type-text elementor-field-group elementor-column elementor-field-group-nombre_tienda elementor-col-100 elementor-field-required\">\n\t\t\t\t\t\t\t\t\t\t\t\t\t<input size=\"1\" type=\"text\" name=\"form_fields[nombre_tienda]\" id=\"form-field-nombre_tienda\" class=\"elementor-field elementor-size-sm  elementor-field-textual\" placeholder=\"Nombre del Supermercado\" required=\"required\">\n\t\t\t\t\t\t\t\t\t\t\t<\/div>\n\t\t\t\t\t\t\t\t<div class=\"elementor-field-type-text elementor-field-group elementor-column elementor-field-group-direccion elementor-col-100 elementor-field-required\">\n\t\t\t\t\t\t\t\t\t\t\t\t\t<input size=\"1\" type=\"text\" name=\"form_fields[direccion]\" id=\"form-field-direccion\" class=\"elementor-field elementor-size-sm  elementor-field-textual\" placeholder=\"Direcci\u00f3n del Supermercado\" required=\"required\">\n\t\t\t\t\t\t\t\t\t\t\t<\/div>\n\t\t\t\t\t\t\t\t<div class=\"elementor-field-type-tel elementor-field-group elementor-column elementor-field-group-telefono elementor-col-100 elementor-field-required\">\n\t\t\t\t\t\t\t<input size=\"1\" type=\"tel\" name=\"form_fields[telefono]\" id=\"form-field-telefono\" class=\"elementor-field elementor-size-sm  elementor-field-textual\" placeholder=\"Tel\u00e9fono\" required=\"required\" pattern=\"[0-9()#&amp;+*-=.]+\" title=\"Only numbers and phone characters (#, -, *, etc) are accepted.\">\n\n\t\t\t\t\t\t<\/div>\n\t\t\t\t\t\t\t\t<div class=\"elementor-field-type-password elementor-field-group elementor-column elementor-field-group-password elementor-col-100 elementor-field-required\">\n\t\t\t\t\t\t\t\t\t\t\t\t\t<input size=\"1\" type=\"password\" name=\"form_fields[password]\" id=\"form-field-password\" class=\"elementor-field elementor-size-sm  elementor-field-textual\" placeholder=\"Crea tu contrase\u00f1a\" required=\"required\">\n\t\t\t\t\t\t\t\t\t\t\t<\/div>\n\t\t\t\t\t\t\t\t<div class=\"elementor-field-type-hidden elementor-field-group elementor-column elementor-field-group-categoria_tienda elementor-col-100\">\n\t\t\t\t\t\t\t\t\t\t\t\t\t<input size=\"1\" type=\"hidden\" name=\"form_fields[categoria_tienda]\" id=\"form-field-categoria_tienda\" class=\"elementor-field elementor-size-sm  elementor-field-textual\" value=\"Mercado\">\n\t\t\t\t\t\t\t\t\t\t\t<\/div>\n\t\t\t\t\t\t\t\t<div class=\"elementor-field-group elementor-column elementor-field-type-submit elementor-col-100 e-form__buttons\">\n\t\t\t\t\t<button class=\"elementor-button elementor-size-sm\" type=\"submit\">\n\t\t\t\t\t\t<span class=\"elementor-button-content-wrapper\">\n\t\t\t\t\t\t\t\t\t\t\t\t\t\t\t\t\t\t\t\t\t\t<span class=\"elementor-button-text\">Registrar<\/span>\n\t\t\t\t\t\t\t\t\t\t\t\t\t<\/span>\n\t\t\t\t\t<\/button>\n\t\t\t\t<\/div>\n\t\t\t<\/div>\n\t\t<\/form>\n\t\t\t\t\t\t<\/div>\n\t\t\t\t<\/div>\n\t\t\t\t<\/div>\n\t\t\t\t\t<\/div>\n\t\t\t\t<\/div>\n\t\t\t\t<\/div>\n\t\t<div class=\"elementor-element elementor-element-b1dc319 e-grid elementor-hidden-desktop e-con-boxed e-con e-parent\" data-id=\"b1dc319\" data-element_type=\"container\" data-e-type=\"container\">\n\t\t\t\t\t<div class=\"e-con-inner\">\n\t\t\t\t<div class=\"elementor-element elementor-element-3e4f765 elementor-widget elementor-widget-text-editor\" data-id=\"3e4f765\" data-element_type=\"widget\" data-e-type=\"widget\" data-widget_type=\"text-editor.default\">\n\t\t\t\t<div class=\"elementor-widget-container\">\n\t\t\t\t\t\t\t\t\t<div style=\"padding: 40px 20px 60px 20px; text-align: center; font-family: sans-serif; color: #ffffff;\">\n<h2 style=\"font-size: 22px; font-weight: 800; margin: 0 0 15px 0; text-transform: uppercase; line-height: 1.2;\">0% TARIFAS POR 30 DIAS<\/h2>\n<p style=\"font-size: 15px; margin: 0 auto 25px auto; line-height: 1.4; max-width: 320px; opacity: 0.9;\">\u00bfTienes dudas sobre c\u00f3mo empezar? Habla con un experto de Macketi ahora mismo<\/p>\n\n<\/div>\t\t\t\t\t\t\t\t<\/div>\n\t\t\t\t<\/div>\n\t\t\t\t<div class=\"elementor-element elementor-element-e22702d elementor-align-left elementor-mobile-align-center elementor-widget__width-initial elementor-widget elementor-widget-button\" data-id=\"e22702d\" data-element_type=\"widget\" data-e-type=\"widget\" data-widget_type=\"button.default\">\n\t\t\t\t<div class=\"elementor-widget-container\">\n\t\t\t\t\t\t\t\t\t<div class=\"elementor-button-wrapper\">\n\t\t\t\t\t<a class=\"elementor-button elementor-button-link elementor-size-sm\" href=\"https:\/\/wa.me\/+240555705835\">\n\t\t\t\t\t\t<span class=\"elementor-button-content-wrapper\">\n\t\t\t\t\t\t\t\t\t<span class=\"elementor-button-text\">Contactar Soporte<\/span>\n\t\t\t\t\t<\/span>\n\t\t\t\t\t<\/a>\n\t\t\t\t<\/div>\n\t\t\t\t\t\t\t\t<\/div>\n\t\t\t\t<\/div>\n\t\t\t\t\t<\/div>\n\t\t\t\t<\/div>\n\t\t<div class=\"elementor-element elementor-element-c93e28f elementor-hidden-desktop e-flex e-con-boxed e-con e-parent\" data-id=\"c93e28f\" data-element_type=\"container\" data-e-type=\"container\">\n\t\t\t\t\t<div class=\"e-con-inner\">\n\t\t<div class=\"elementor-element elementor-element-d7682f0 e-con-full contenedor-formulario e-flex e-con e-child\" data-id=\"d7682f0\" data-element_type=\"container\" data-e-type=\"container\" data-settings=\"{&quot;background_background&quot;:&quot;classic&quot;}\">\n\t\t\t\t<div class=\"elementor-element elementor-element-4205bd3 elementor-widget elementor-widget-heading\" data-id=\"4205bd3\" data-element_type=\"widget\" data-e-type=\"widget\" data-widget_type=\"heading.default\">\n\t\t\t\t<div class=\"elementor-widget-container\">\n\t\t\t\t\t<h2 class=\"elementor-heading-title elementor-size-default\">Registra tu Supermercado<\/h2>\t\t\t\t<\/div>\n\t\t\t\t<\/div>\n\t\t\t\t<div class=\"elementor-element elementor-element-cfdd7f2 contenedor-campos elementor-button-align-stretch elementor-widget elementor-widget-form\" data-id=\"cfdd7f2\" data-element_type=\"widget\" data-e-type=\"widget\" data-settings=\"{&quot;step_next_label&quot;:&quot;Next&quot;,&quot;step_previous_label&quot;:&quot;Previous&quot;,&quot;button_width&quot;:&quot;100&quot;,&quot;step_type&quot;:&quot;number_text&quot;,&quot;step_icon_shape&quot;:&quot;circle&quot;}\" data-widget_type=\"form.default\">\n\t\t\t\t<div class=\"elementor-widget-container\">\n\t\t\t\t\t\t\t<form class=\"elementor-form\" method=\"post\" id=\"registro_vendedor_restaurante\" name=\"registro_restaurante\" aria-label=\"registro_restaurante\" novalidate=\"\">\n\t\t\t<input type=\"hidden\" name=\"post_id\" value=\"15305\"\/>\n\t\t\t<input type=\"hidden\" name=\"form_id\" value=\"cfdd7f2\"\/>\n\t\t\t<input type=\"hidden\" name=\"referer_title\" value=\"\" \/>\n\n\t\t\t\n\t\t\t<div class=\"elementor-form-fields-wrapper elementor-labels-above\">\n\t\t\t\t\t\t\t\t<div class=\"elementor-field-type-text elementor-field-group elementor-column elementor-field-group-nombre elementor-col-50 elementor-field-required\">\n\t\t\t\t\t\t\t\t\t\t\t\t\t<input size=\"1\" type=\"text\" name=\"form_fields[nombre]\" id=\"form-field-nombre\" class=\"elementor-field elementor-size-sm  elementor-field-textual\" placeholder=\"Nombre\" required=\"required\">\n\t\t\t\t\t\t\t\t\t\t\t<\/div>\n\t\t\t\t\t\t\t\t<div class=\"elementor-field-type-text elementor-field-group elementor-column elementor-field-group-apellidos elementor-col-50 elementor-field-required\">\n\t\t\t\t\t\t\t\t\t\t\t\t\t<input size=\"1\" type=\"text\" name=\"form_fields[apellidos]\" id=\"form-field-apellidos\" class=\"elementor-field elementor-size-sm  elementor-field-textual\" placeholder=\"Apellido\" required=\"required\">\n\t\t\t\t\t\t\t\t\t\t\t<\/div>\n\t\t\t\t\t\t\t\t<div class=\"elementor-field-type-email elementor-field-group elementor-column elementor-field-group-email elementor-col-100 elementor-field-required\">\n\t\t\t\t\t\t\t\t\t\t\t\t\t<input size=\"1\" type=\"email\" name=\"form_fields[email]\" id=\"form-field-email\" class=\"elementor-field elementor-size-sm  elementor-field-textual\" placeholder=\"E-mail\" required=\"required\">\n\t\t\t\t\t\t\t\t\t\t\t<\/div>\n\t\t\t\t\t\t\t\t<div class=\"elementor-field-type-text elementor-field-group elementor-column elementor-field-group-nombre_tienda elementor-col-100 elementor-field-required\">\n\t\t\t\t\t\t\t\t\t\t\t\t\t<input size=\"1\" type=\"text\" name=\"form_fields[nombre_tienda]\" id=\"form-field-nombre_tienda\" class=\"elementor-field elementor-size-sm  elementor-field-textual\" placeholder=\"Nombre de la Tienda\" required=\"required\">\n\t\t\t\t\t\t\t\t\t\t\t<\/div>\n\t\t\t\t\t\t\t\t<div class=\"elementor-field-type-text elementor-field-group elementor-column elementor-field-group-direccion elementor-col-100 elementor-field-required\">\n\t\t\t\t\t\t\t\t\t\t\t\t\t<input size=\"1\" type=\"text\" name=\"form_fields[direccion]\" id=\"form-field-direccion\" class=\"elementor-field elementor-size-sm  elementor-field-textual\" placeholder=\"Direcci\u00f3n de la Tienda\" required=\"required\">\n\t\t\t\t\t\t\t\t\t\t\t<\/div>\n\t\t\t\t\t\t\t\t<div class=\"elementor-field-type-tel elementor-field-group elementor-column elementor-field-group-telefono elementor-col-100 elementor-field-required\">\n\t\t\t\t\t\t\t<input size=\"1\" type=\"tel\" name=\"form_fields[telefono]\" id=\"form-field-telefono\" class=\"elementor-field elementor-size-sm  elementor-field-textual\" placeholder=\"Tel\u00e9fono\" required=\"required\" pattern=\"[0-9()#&amp;+*-=.]+\" title=\"Only numbers and phone characters (#, -, *, etc) are accepted.\">\n\n\t\t\t\t\t\t<\/div>\n\t\t\t\t\t\t\t\t<div class=\"elementor-field-type-password elementor-field-group elementor-column elementor-field-group-password elementor-col-100 elementor-field-required\">\n\t\t\t\t\t\t\t\t\t\t\t\t\t<input size=\"1\" type=\"password\" name=\"form_fields[password]\" id=\"form-field-password\" class=\"elementor-field elementor-size-sm  elementor-field-textual\" placeholder=\"Crea tu contrase\u00f1a\" required=\"required\">\n\t\t\t\t\t\t\t\t\t\t\t<\/div>\n\t\t\t\t\t\t\t\t<div class=\"elementor-field-type-hidden elementor-field-group elementor-column elementor-field-group-categoria_tienda elementor-col-100\">\n\t\t\t\t\t\t\t\t\t\t\t\t\t<input size=\"1\" type=\"hidden\" name=\"form_fields[categoria_tienda]\" id=\"form-field-categoria_tienda\" class=\"elementor-field elementor-size-sm  elementor-field-textual\" value=\"Mercado\">\n\t\t\t\t\t\t\t\t\t\t\t<\/div>\n\t\t\t\t\t\t\t\t<div class=\"elementor-field-group elementor-column elementor-field-type-submit elementor-col-100 e-form__buttons\">\n\t\t\t\t\t<button class=\"elementor-button elementor-size-sm\" type=\"submit\">\n\t\t\t\t\t\t<span class=\"elementor-button-content-wrapper\">\n\t\t\t\t\t\t\t\t\t\t\t\t\t\t\t\t\t\t\t\t\t\t<span class=\"elementor-button-text\">Registrar<\/span>\n\t\t\t\t\t\t\t\t\t\t\t\t\t<\/span>\n\t\t\t\t\t<\/button>\n\t\t\t\t<\/div>\n\t\t\t<\/div>\n\t\t<\/form>\n\t\t\t\t\t\t<\/div>\n\t\t\t\t<\/div>\n\t\t\t\t<\/div>\n\t\t\t\t\t<\/div>\n\t\t\t\t<\/div>\n\t\t<div class=\"elementor-element elementor-element-025ab05 e-flex e-con-boxed e-con e-parent\" data-id=\"025ab05\" data-element_type=\"container\" data-e-type=\"container\">\n\t\t\t\t\t<div class=\"e-con-inner\">\n\t\t\t\t<div class=\"elementor-element elementor-element-779c2f2 elementor-widget elementor-widget-text-editor\" data-id=\"779c2f2\" data-element_type=\"widget\" data-e-type=\"widget\" data-widget_type=\"text-editor.default\">\n\t\t\t\t<div class=\"elementor-widget-container\">\n\t\t\t\t\t\t\t\t\t<div style=\"background-color: #1a39b1; padding: 60px 20px; font-family: sans-serif; text-align: center; color: #ffffff;\">\n<h2 style=\"font-size: 25px; margin-bottom: 40px; line-height: 1.3; max-width: 800px; margin-left: auto; margin-right: auto; font-weight: bold;\">\u00bfCu\u00e1les son los beneficios de registrarse como supermercado en <b style=\"color: #fad60c;\"> Macketi <\/b> Partners?<\/h2>\n<div style=\"display: flex; flex-wrap: wrap; justify-content: center; gap: 20px; max-width: 1100px; margin: 0 auto 40px auto;\">\n<div style=\"flex: 1; min-width: 280px; border: 1px solid rgba(255,255,255,0.5); border-radius: 10px; padding: 30px 20px; background-color: #122987;\">\n<h3 style=\"font-size: 20px; margin-bottom: 15px; line-height: 1.2;\">Incrementa la exposici\u00f3n de tu supermercado con Macketi<\/h3>\n<p style=\"font-size: 14px; opacity: 0.9; line-height: 1.5;\">Aumenta la visibilidad de tu supermercado y atrae a un n\u00famero mayor de clientes potenciales.<\/p>\n\n<\/div>\n<div style=\"flex: 1; min-width: 280px; border: 1px solid rgba(255,255,255,0.5); border-radius: 10px; padding: 30px 20px; background-color: #122987;\">\n<h3 style=\"font-size: 20px; margin-bottom: 15px; line-height: 1.2;\">Reg\u00edstrate en Macketi y reduce tus costos<\/h3>\n<p style=\"font-size: 14px; opacity: 0.9; line-height: 1.5;\">Disminuye tus costes fijos con las ventas adicionales a trav\u00e9s del canal de domicilios.<\/p>\n\n<\/div>\n<div style=\"flex: 1; min-width: 280px; border: 1px solid rgba(255,255,255,0.5); border-radius: 10px; padding: 30px 20px; background-color: #122987;\">\n<h3 style=\"font-size: 20px; margin-bottom: 15px; line-height: 1.2;\">Controla cada detalle de tu supermercado junto a Macketi<\/h3>\n<p style=\"font-size: 14px; opacity: 0.9; line-height: 1.5;\">Toma el control desde cualquier lugar, ya sea una computadora, un celular o una tablet.<\/p>\n\n<\/div>\n<\/div>\n<a style=\"display: inline-block; background-color: #ffffff; color: #1a39b1; padding: 15px 30px; border-radius: 5px; text-decoration: none; font-weight: bold; font-size: 16px;\" href=\"#\">\nRegistrar mi supermercado \n<\/a>\n\n<\/div>\t\t\t\t\t\t\t\t<\/div>\n\t\t\t\t<\/div>\n\t\t<div class=\"elementor-element elementor-element-ab4ac95 e-grid e-con-full e-con e-child\" data-id=\"ab4ac95\" data-element_type=\"container\" data-e-type=\"container\">\n\t\t\t\t<div class=\"elementor-element elementor-element-0d68224 elementor-widget elementor-widget-image\" data-id=\"0d68224\" data-element_type=\"widget\" data-e-type=\"widget\" data-widget_type=\"image.default\">\n\t\t\t\t<div class=\"elementor-widget-container\">\n\t\t\t\t\t\t\t\t\t\t\t\t\t\t\t<img fetchpriority=\"high\" decoding=\"async\" width=\"1709\" height=\"2560\" src=\"https:\/\/macketi.com\/wp-content\/uploads\/2026\/02\/man-inspecting-pineapple-grocery-store-scaled.jpg\" class=\"attachment-full size-full wp-image-15308\" alt=\"\" srcset=\"https:\/\/macketi.com\/wp-content\/uploads\/2026\/02\/man-inspecting-pineapple-grocery-store-scaled.jpg 1709w, https:\/\/macketi.com\/wp-content\/uploads\/2026\/02\/man-inspecting-pineapple-grocery-store-scaled-600x899.jpg 600w, https:\/\/macketi.com\/wp-content\/uploads\/2026\/02\/man-inspecting-pineapple-grocery-store-scaled-64x96.jpg 64w, https:\/\/macketi.com\/wp-content\/uploads\/2026\/02\/man-inspecting-pineapple-grocery-store-200x300.jpg 200w, https:\/\/macketi.com\/wp-content\/uploads\/2026\/02\/man-inspecting-pineapple-grocery-store-683x1024.jpg 683w, https:\/\/macketi.com\/wp-content\/uploads\/2026\/02\/man-inspecting-pineapple-grocery-store-768x1151.jpg 768w, https:\/\/macketi.com\/wp-content\/uploads\/2026\/02\/man-inspecting-pineapple-grocery-store-1025x1536.jpg 1025w, https:\/\/macketi.com\/wp-content\/uploads\/2026\/02\/man-inspecting-pineapple-grocery-store-1367x2048.jpg 1367w, https:\/\/macketi.com\/wp-content\/uploads\/2026\/02\/man-inspecting-pineapple-grocery-store-8x12.jpg 8w, https:\/\/macketi.com\/wp-content\/uploads\/2026\/02\/man-inspecting-pineapple-grocery-store-48x72.jpg 48w\" sizes=\"(max-width: 1709px) 100vw, 1709px\" \/>\t\t\t\t\t\t\t\t\t\t\t\t\t\t\t<\/div>\n\t\t\t\t<\/div>\n\t\t\t\t<div class=\"elementor-element elementor-element-da4ee3a elementor-hidden-tablet elementor-hidden-mobile elementor-widget elementor-widget-text-editor\" data-id=\"da4ee3a\" data-element_type=\"widget\" data-e-type=\"widget\" data-widget_type=\"text-editor.default\">\n\t\t\t\t<div class=\"elementor-widget-container\">\n\t\t\t\t\t\t\t\t\t<div style=\"font-family: sans-serif; max-width: 500px; padding: 20px; color: #333333; text-align: left;\">\n<h2 style=\"font-size: 28px; font-weight: 800; color: #000000; margin: 0 0 20px 0; line-height: 1.2;\">3 simples pasos para registrar tu supermercado en Macketi y vender m\u00e1s<\/h2>\n<p style=\"font-size: 16px; line-height: 1.5; margin-bottom: 25px; color: #444444;\">Tu crecimiento es importante para nosotros. Increment\u00e1 tus ventas con todos los recursos que tenemos para tu supermercado.\n<strong>\u00a1Vender en Macketi es f\u00e1cil!<\/strong><\/p>\n\n<ul style=\"list-style: none; padding: 0; margin: 0 0 30px 0;\">\n \t<li style=\"margin-bottom: 12px; font-size: 16px; display: flex; align-items: center;\"><span style=\"margin-right: 10px;\">\u2022<\/span>\n<strong>Sum\u00e1 tu supermercado a Macketi<\/strong><\/li>\n \t<li style=\"margin-bottom: 12px; font-size: 16px; display: flex; align-items: center;\"><span style=\"margin-right: 10px;\">\u2022<\/span>\n<strong>Configur\u00e1 tu supermercado y cre\u00e1 tu men\u00fa<\/strong><\/li>\n \t<li style=\"margin-bottom: 12px; font-size: 16px; display: flex; align-items: center;\"><span style=\"margin-right: 10px;\">\u2022<\/span>\n<strong>Activ\u00e1 tu supermercado y empez\u00e1 a recibir \u00f3rdenes<\/strong><\/li>\n<\/ul>\n<a style=\"display: inline-block; background-color: #ffffff; color: #2c48c4; padding: 12px 25px; border-radius: 6px; text-decoration: none; font-weight: bold; font-size: 15px; border: 1px solid #2C48C4; transition: 0.3s;\" href=\"#\">\nRegistrar mi supermercado \n<\/a>\n\n<\/div>\t\t\t\t\t\t\t\t<\/div>\n\t\t\t\t<\/div>\n\t\t\t\t<div class=\"elementor-element elementor-element-fb04cc9 elementor-hidden-desktop elementor-widget elementor-widget-text-editor\" data-id=\"fb04cc9\" data-element_type=\"widget\" data-e-type=\"widget\" data-widget_type=\"text-editor.default\">\n\t\t\t\t<div class=\"elementor-widget-container\">\n\t\t\t\t\t\t\t\t\t<div style=\"font-family: sans-serif; max-width: 500px; padding: 20px; color: #333333; text-align: center;\">\n<h2 style=\"font-size: 28px; font-weight: 800; color: #000000; margin: 0 0 20px 0; line-height: 1.2;\">3 simples pasos para registrar tu supermercado en Macketi y vender m\u00e1s<\/h2>\n<p style=\"font-size: 16px; line-height: 1.5; margin-bottom: 25px; color: #444444;\">Tu crecimiento es importante para nosotros. Increment\u00e1 tus ventas con todos los recursos que tenemos para tu supermercado .\n<strong>\u00a1Vender en Macketi es f\u00e1cil!<\/strong><\/p>\n\n<ul style=\"list-style: none; padding: 0; margin: 0 0 30px 0;\">\n \t<li style=\"margin-bottom: 15px; font-size: 16px; display: flex; align-items: center; justify-content: center;\"><span style=\"margin-right: 8px;\">\u2022<\/span>\n<strong>Sum\u00e1 tu supermercado a Macketi<\/strong><\/li>\n \t<li style=\"margin-bottom: 15px; font-size: 16px; display: flex; align-items: center; justify-content: center;\"><span style=\"margin-right: 8px;\">\u2022<\/span>\n<strong>Configur\u00e1 tu supermercado y cre\u00e1 tu men\u00fa<\/strong><\/li>\n \t<li style=\"margin-bottom: 15px; font-size: 16px; display: flex; align-items: center; justify-content: center;\"><span style=\"margin-right: 8px;\">\u2022<\/span>\n<strong>Activ\u00e1 tu supermercado y empez\u00e1 a recibir \u00f3rdenes<\/strong><\/li>\n<\/ul>\n<a style=\"display: inline-block; background-color: #ffffff; color: #2c48c4; padding: 12px 25px; border-radius: 6px; text-decoration: none; font-weight: bold; font-size: 15px; border: 1px solid #2C48C4; transition: 0.3s;\" href=\"#\">\nRegistrar mi supermercado\n<\/a>\n\n<\/div>\t\t\t\t\t\t\t\t<\/div>\n\t\t\t\t<\/div>\n\t\t\t\t<\/div>\n\t\t\t\t\t<\/div>\n\t\t\t\t<\/div>\n\t\t\t\t<\/div>\n\t\t","protected":false},"excerpt":{"rendered":"<p>0% TARIFAS POR 30 DIAS \u00bfTienes dudas sobre c\u00f3mo empezar? Habla con un experto de Macketi ahora mismo Contactar Soporte Registra tu Supermercado 0% TARIFAS POR 30 DIAS \u00bfTienes dudas sobre c\u00f3mo empezar? Habla con un experto de Macketi ahora mismo Contactar Soporte Registra tu Supermercado \u00bfCu\u00e1les son los beneficios de registrarse como supermercado en &hellip;<\/p>\n<p class=\"read-more\"> <a class=\"thunk-readmore button\" href=\"https:\/\/macketi.com\/en\/registro-supermercado\/\"> <span class=\"screen-reader-text\">registro supermercado<\/span>Read More<\/a><\/p>","protected":false},"author":3,"featured_media":0,"parent":0,"menu_order":0,"comment_status":"closed","ping_status":"closed","template":"","meta":{"footnotes":""},"class_list":["post-15305","page","type-page","status-publish","hentry","thunk-woo-product-list","th-shop-mania-woo-hover-","open-single-product-tab-horizontal","open-shadow-","open-shadow-hover-","th-shop-mania-single-product-content-left"],"aioseo_notices":[],"_links":{"self":[{"href":"https:\/\/macketi.com\/en\/wp-json\/wp\/v2\/pages\/15305","targetHints":{"allow":["GET"]}}],"collection":[{"href":"https:\/\/macketi.com\/en\/wp-json\/wp\/v2\/pages"}],"about":[{"href":"https:\/\/macketi.com\/en\/wp-json\/wp\/v2\/types\/page"}],"author":[{"embeddable":true,"href":"https:\/\/macketi.com\/en\/wp-json\/wp\/v2\/users\/3"}],"replies":[{"embeddable":true,"href":"https:\/\/macketi.com\/en\/wp-json\/wp\/v2\/comments?post=15305"}],"version-history":[{"count":46,"href":"https:\/\/macketi.com\/en\/wp-json\/wp\/v2\/pages\/15305\/revisions"}],"predecessor-version":[{"id":15821,"href":"https:\/\/macketi.com\/en\/wp-json\/wp\/v2\/pages\/15305\/revisions\/15821"}],"wp:attachment":[{"href":"https:\/\/macketi.com\/en\/wp-json\/wp\/v2\/media?parent=15305"}],"curies":[{"name":"wp","href":"https:\/\/api.w.org\/{rel}","templated":true}]}}