{"id":15104,"date":"2026-02-24T22:39:08","date_gmt":"2026-02-24T21:39:08","guid":{"rendered":"https:\/\/macketi.com\/?page_id=15104"},"modified":"2026-02-25T02:44:17","modified_gmt":"2026-02-25T01:44:17","slug":"registro-restaurantes","status":"publish","type":"page","link":"https:\/\/macketi.com\/en\/registro-restaurantes\/","title":{"rendered":"Elementor #15104"},"content":{"rendered":"\t\t<div data-elementor-type=\"wp-page\" data-elementor-id=\"15104\" class=\"elementor elementor-15104\" data-elementor-post-type=\"page\">\n\t\t\t\t<div class=\"elementor-element elementor-element-d423139 e-con-full elementor-hidden-tablet elementor-hidden-mobile prueba e-flex e-con e-parent\" data-id=\"d423139\" data-element_type=\"container\" data-e-type=\"container\" data-settings=\"{&quot;background_background&quot;:&quot;classic&quot;}\">\n\t\t<div class=\"elementor-element elementor-element-bc1fccd e-grid elementor-hidden-tablet elementor-hidden-mobile banner_inicial e-con-boxed e-con e-child\" data-id=\"bc1fccd\" data-element_type=\"container\" data-e-type=\"container\" data-settings=\"{&quot;background_background&quot;:&quot;classic&quot;}\">\n\t\t\t\t\t<div class=\"e-con-inner\">\n\t\t\t\t<div class=\"elementor-element elementor-element-f2973aa elementor-widget elementor-widget-wpforms\" data-id=\"f2973aa\" data-element_type=\"widget\" data-e-type=\"widget\" data-widget_type=\"wpforms.default\">\n\t\t\t\t<div class=\"elementor-widget-container\">\n\t\t\t\t\t<div class=\"wpforms-container wpforms-container-full wpforms-render-modern\" id=\"wpforms-3584\"><form id=\"wpforms-form-3584\" class=\"wpforms-validate wpforms-form wpforms-ajax-form\" data-formid=\"3584\" method=\"post\" enctype=\"multipart\/form-data\" action=\"\/en\/wp-json\/wp\/v2\/pages\/15104\" data-token=\"41710537acfb41a83e79f4a416dc2e82\" data-token-time=\"1776204833\"><noscript class=\"wpforms-error-noscript\">Please enable JavaScript in your browser to complete this form.<\/noscript><div id=\"wpforms-error-noscript\" style=\"display: none;\">Please enable JavaScript in your browser to complete this form.<\/div><div class=\"wpforms-field-container\"><div id=\"wpforms-3584-field_0-container\" class=\"wpforms-field wpforms-field-name campos_ayuda\" data-field-id=\"0\"><fieldset><legend class=\"wpforms-field-label\">Nombre<\/legend><div class=\"wpforms-field-row wpforms-field-large\"><div class=\"wpforms-field-row-block wpforms-first wpforms-one-half\"><input type=\"text\" id=\"wpforms-3584-field_0\" class=\"wpforms-field-name-first\" name=\"wpforms[fields][0][first]\" aria-errormessage=\"wpforms-3584-field_0-error\" ><label for=\"wpforms-3584-field_0\" class=\"wpforms-field-sublabel after\">First<\/label><\/div><div class=\"wpforms-field-row-block wpforms-one-half\"><input type=\"text\" id=\"wpforms-3584-field_0-last\" class=\"wpforms-field-name-last\" name=\"wpforms[fields][0][last]\" aria-errormessage=\"wpforms-3584-field_0-last-error\" ><label for=\"wpforms-3584-field_0-last\" class=\"wpforms-field-sublabel after\">Last<\/label><\/div><\/div><\/fieldset><\/div><div id=\"wpforms-3584-field_1-container\" class=\"wpforms-field wpforms-field-email campos_ayuda\" data-field-id=\"1\"><label class=\"wpforms-field-label\" for=\"wpforms-3584-field_1\">Correo electr\u00f3nico <span class=\"wpforms-required-label\" aria-hidden=\"true\">*<\/span><\/label><input type=\"email\" id=\"wpforms-3584-field_1\" class=\"wpforms-field-large wpforms-field-required\" name=\"wpforms[fields][1]\" spellcheck=\"false\" aria-errormessage=\"wpforms-3584-field_1-error\" required><\/div><div id=\"wpforms-3584-field_2-container\" class=\"wpforms-field wpforms-field-textarea campos_ayuda\" data-field-id=\"2\"><label class=\"wpforms-field-label\" for=\"wpforms-3584-field_2\">Comentario o mensaje <span class=\"wpforms-required-label\" aria-hidden=\"true\">*<\/span><\/label><textarea id=\"wpforms-3584-field_2\" class=\"wpforms-field-medium wpforms-field-required\" name=\"wpforms[fields][2]\" aria-errormessage=\"wpforms-3584-field_2-error\" required><\/textarea><\/div><\/div><!-- .wpforms-field-container --><div class=\"wpforms-submit-container\" ><input type=\"hidden\" name=\"wpforms[id]\" value=\"3584\"><input type=\"hidden\" name=\"page_title\" value=\"\"><input type=\"hidden\" name=\"page_url\" value=\"https:\/\/macketi.com\/en\/wp-json\/wp\/v2\/pages\/15104\"><input type=\"hidden\" name=\"url_referer\" value=\"\"><button type=\"submit\" name=\"wpforms[submit]\" id=\"wpforms-submit-3584\" class=\"wpforms-submit\" data-alt-text=\"Enviando...\" data-submit-text=\"Enviar\" aria-live=\"assertive\" value=\"wpforms-submit\">Enviar<\/button><img decoding=\"async\" src=\"https:\/\/macketi.com\/wp-content\/plugins\/wpforms-lite\/assets\/images\/submit-spin.svg\" class=\"wpforms-submit-spinner\" style=\"display: none;\" width=\"26\" height=\"26\" alt=\"Loading\"><\/div><\/form><\/div>  <!-- .wpforms-container -->\t\t\t\t<\/div>\n\t\t\t\t<\/div>\n\t\t\t\t<div class=\"elementor-element elementor-element-a65ad0a elementor-widget elementor-widget-text-editor\" data-id=\"a65ad0a\" data-element_type=\"widget\" data-e-type=\"widget\" data-widget_type=\"text-editor.default\">\n\t\t\t\t<div class=\"elementor-widget-container\">\n\t\t\t\t\t\t\t\t\t<div style=\"padding: 40px; font-family: sans-serif; max-width: 600px;\">\n<h2 style=\"font-size: 48px; font-weight: 800; color: #ffffff; margin: 0 0 15px 0; text-transform: uppercase; line-height: 1.1;\">0% TARIFAS POR 30 DIAS<\/h2>\n<p style=\"font-size: 18px; color: #ffffff; margin: 0 0 30px 0; line-height: 1.4; font-weight: 400;\">\u00bfTienes dudas sobre c\u00f3mo empezar? Habla con un experto de Macketi ahora mismo<\/p>\n<a style=\"display: inline-block; background-color: #ffffff; color: #2c48c4; padding: 15px 35px; border-radius: 8px; text-decoration: none; font-weight: bold; font-size: 16px; border: 1px solid #FFFFFF; transition: background 0.3s ease;\">\nContactar soporte\n<\/a>\n\n<\/div>\t\t\t\t\t\t\t\t<\/div>\n\t\t\t\t<\/div>\n\t\t\t\t\t<\/div>\n\t\t\t\t<\/div>\n\t\t\t\t<\/div>\n\t\t<div class=\"elementor-element elementor-element-b1dc319 e-grid elementor-hidden-desktop e-con-boxed e-con e-parent\" data-id=\"b1dc319\" data-element_type=\"container\" data-e-type=\"container\" data-settings=\"{&quot;background_background&quot;:&quot;classic&quot;}\">\n\t\t\t\t\t<div class=\"e-con-inner\">\n\t\t\t\t<div class=\"elementor-element elementor-element-3e4f765 elementor-widget elementor-widget-text-editor\" data-id=\"3e4f765\" data-element_type=\"widget\" data-e-type=\"widget\" data-widget_type=\"text-editor.default\">\n\t\t\t\t<div class=\"elementor-widget-container\">\n\t\t\t\t\t\t\t\t\t<div style=\"padding: 40px 20px 60px 20px; text-align: center; font-family: sans-serif; color: #ffffff;\"><h2 style=\"font-size: 22px; font-weight: 800; margin: 0 0 15px 0; text-transform: uppercase; line-height: 1.2;\">0% TARIFAS POR 30 DIAS<\/h2><p style=\"font-size: 15px; margin: 0 auto 25px auto; line-height: 1.4; max-width: 320px; opacity: 0.9;\">\u00bfTienes dudas sobre c\u00f3mo empezar? Habla con un experto de Rappi ahora mismo<\/p><p><a style=\"display: inline-block; background-color: #ffffff; color: #2c48c4; padding: 12px 30px; border-radius: 6px; text-decoration: none; font-weight: bold; font-size: 14px; border: 1px solid #ffffff;\" href=\"#\"><br \/>Contactar a soporte<br \/><\/a><\/p><\/div>\t\t\t\t\t\t\t\t<\/div>\n\t\t\t\t<\/div>\n\t\t\t\t\t<\/div>\n\t\t\t\t<\/div>\n\t\t<div class=\"elementor-element elementor-element-c93e28f elementor-hidden-desktop e-flex e-con-boxed e-con e-parent\" data-id=\"c93e28f\" data-element_type=\"container\" data-e-type=\"container\">\n\t\t\t\t\t<div class=\"e-con-inner\">\n\t\t\t\t<div class=\"elementor-element elementor-element-a434133 elementor-widget elementor-widget-wpforms\" data-id=\"a434133\" data-element_type=\"widget\" data-e-type=\"widget\" data-widget_type=\"wpforms.default\">\n\t\t\t\t<div class=\"elementor-widget-container\">\n\t\t\t\t\t<div class=\"wpforms-container wpforms-container-full wpforms-render-modern\" id=\"wpforms-3584\"><form id=\"wpforms-form-3584\" class=\"wpforms-validate wpforms-form wpforms-ajax-form\" data-formid=\"3584\" method=\"post\" enctype=\"multipart\/form-data\" action=\"\/en\/wp-json\/wp\/v2\/pages\/15104\" data-token=\"41710537acfb41a83e79f4a416dc2e82\" data-token-time=\"1776204833\"><noscript class=\"wpforms-error-noscript\">Please enable JavaScript in your browser to complete this form.<\/noscript><div id=\"wpforms-error-noscript\" style=\"display: none;\">Please enable JavaScript in your browser to complete this form.<\/div><div class=\"wpforms-field-container\"><div id=\"wpforms-3584-field_0-container\" class=\"wpforms-field wpforms-field-name campos_ayuda\" data-field-id=\"0\"><fieldset><legend class=\"wpforms-field-label\">Nombre<\/legend><div class=\"wpforms-field-row wpforms-field-large\"><div class=\"wpforms-field-row-block wpforms-first wpforms-one-half\"><input type=\"text\" id=\"wpforms-3584-field_0\" class=\"wpforms-field-name-first\" name=\"wpforms[fields][0][first]\" aria-errormessage=\"wpforms-3584-field_0-error\" ><label for=\"wpforms-3584-field_0\" class=\"wpforms-field-sublabel after\">First<\/label><\/div><div class=\"wpforms-field-row-block wpforms-one-half\"><input type=\"text\" id=\"wpforms-3584-field_0-last\" class=\"wpforms-field-name-last\" name=\"wpforms[fields][0][last]\" aria-errormessage=\"wpforms-3584-field_0-last-error\" ><label for=\"wpforms-3584-field_0-last\" class=\"wpforms-field-sublabel after\">Last<\/label><\/div><\/div><\/fieldset><\/div><div id=\"wpforms-3584-field_1-container\" class=\"wpforms-field wpforms-field-email campos_ayuda\" data-field-id=\"1\"><label class=\"wpforms-field-label\" for=\"wpforms-3584-field_1\">Correo electr\u00f3nico <span class=\"wpforms-required-label\" aria-hidden=\"true\">*<\/span><\/label><input type=\"email\" id=\"wpforms-3584-field_1\" class=\"wpforms-field-large wpforms-field-required\" name=\"wpforms[fields][1]\" spellcheck=\"false\" aria-errormessage=\"wpforms-3584-field_1-error\" required><\/div><div id=\"wpforms-3584-field_2-container\" class=\"wpforms-field wpforms-field-textarea campos_ayuda\" data-field-id=\"2\"><label class=\"wpforms-field-label\" for=\"wpforms-3584-field_2\">Comentario o mensaje <span class=\"wpforms-required-label\" aria-hidden=\"true\">*<\/span><\/label><textarea id=\"wpforms-3584-field_2\" class=\"wpforms-field-medium wpforms-field-required\" name=\"wpforms[fields][2]\" aria-errormessage=\"wpforms-3584-field_2-error\" required><\/textarea><\/div><\/div><!-- .wpforms-field-container --><div class=\"wpforms-submit-container\" ><input type=\"hidden\" name=\"wpforms[id]\" value=\"3584\"><input type=\"hidden\" name=\"page_title\" value=\"\"><input type=\"hidden\" name=\"page_url\" value=\"https:\/\/macketi.com\/en\/wp-json\/wp\/v2\/pages\/15104\"><input type=\"hidden\" name=\"url_referer\" value=\"\"><button type=\"submit\" name=\"wpforms[submit]\" id=\"wpforms-submit-3584\" class=\"wpforms-submit\" data-alt-text=\"Enviando...\" data-submit-text=\"Enviar\" aria-live=\"assertive\" value=\"wpforms-submit\">Enviar<\/button><img decoding=\"async\" src=\"https:\/\/macketi.com\/wp-content\/plugins\/wpforms-lite\/assets\/images\/submit-spin.svg\" class=\"wpforms-submit-spinner\" style=\"display: none;\" width=\"26\" height=\"26\" alt=\"Loading\"><\/div><\/form><\/div>  <!-- .wpforms-container -->\t\t\t\t<\/div>\n\t\t\t\t<\/div>\n\t\t\t\t\t<\/div>\n\t\t\t\t<\/div>\n\t\t<div class=\"elementor-element elementor-element-025ab05 e-flex e-con-boxed e-con e-parent\" data-id=\"025ab05\" data-element_type=\"container\" data-e-type=\"container\">\n\t\t\t\t\t<div class=\"e-con-inner\">\n\t\t\t\t<div class=\"elementor-element elementor-element-779c2f2 elementor-widget elementor-widget-text-editor\" data-id=\"779c2f2\" data-element_type=\"widget\" data-e-type=\"widget\" data-widget_type=\"text-editor.default\">\n\t\t\t\t<div class=\"elementor-widget-container\">\n\t\t\t\t\t\t\t\t\t<div style=\"background-color: #1a39b1; padding: 60px 20px; font-family: sans-serif; text-align: center; color: #ffffff;\">\n<h2 style=\"font-size: 25px; margin-bottom: 40px; line-height: 1.3; max-width: 800px; margin-left: auto; margin-right: auto; font-weight: bold;\">\u00bfCu\u00e1les son los beneficios de registrarse como farmacia en <b style=\"color: #fad60c;\"> Macketi <\/b> Partners?<\/h2>\n<div style=\"display: flex; flex-wrap: wrap; justify-content: center; gap: 20px; max-width: 1100px; margin: 0 auto 40px auto;\">\n<div style=\"flex: 1; min-width: 280px; border: 1px solid rgba(255,255,255,0.5); border-radius: 10px; padding: 30px 20px; background-color: #122987;\">\n<h3 style=\"font-size: 20px; margin-bottom: 15px; line-height: 1.2;\">Incrementa la exposici\u00f3n de tu farmacia con Macketi<\/h3>\n<p style=\"font-size: 14px; opacity: 0.9; line-height: 1.5;\">Aumenta la visibilidad de tu farmacia y atrae a un n\u00famero mayor de clientes potenciales.<\/p>\n\n<\/div>\n<div style=\"flex: 1; min-width: 280px; border: 1px solid rgba(255,255,255,0.5); border-radius: 10px; padding: 30px 20px; background-color: #122987;\">\n<h3 style=\"font-size: 20px; margin-bottom: 15px; line-height: 1.2;\">Reg\u00edstrate en Macketi y reduce tus costos<\/h3>\n<p style=\"font-size: 14px; opacity: 0.9; line-height: 1.5;\">Disminuye tus costes fijos con las ventas adicionales a trav\u00e9s del canal de domicilios.<\/p>\n\n<\/div>\n<div style=\"flex: 1; min-width: 280px; border: 1px solid rgba(255,255,255,0.5); border-radius: 10px; padding: 30px 20px; background-color: #122987;\">\n<h3 style=\"font-size: 20px; margin-bottom: 15px; line-height: 1.2;\">Controla cada detalle de tu farmacia junto a Macketi<\/h3>\n<p style=\"font-size: 14px; opacity: 0.9; line-height: 1.5;\">Toma el control desde cualquier lugar, ya sea una computadora, un celular o una tablet.<\/p>\n\n<\/div>\n<\/div>\n<a style=\"display: inline-block; background-color: #ffffff; color: #1a39b1; padding: 15px 30px; border-radius: 5px; text-decoration: none; font-weight: bold; font-size: 16px;\" href=\"#\">\nRegistrar mi farmacia\n<\/a>\n\n<\/div>\t\t\t\t\t\t\t\t<\/div>\n\t\t\t\t<\/div>\n\t\t<div class=\"elementor-element elementor-element-ab4ac95 e-grid e-con-full e-con e-child\" data-id=\"ab4ac95\" data-element_type=\"container\" data-e-type=\"container\">\n\t\t\t\t<div class=\"elementor-element elementor-element-0d68224 elementor-widget elementor-widget-image\" data-id=\"0d68224\" data-element_type=\"widget\" data-e-type=\"widget\" data-widget_type=\"image.default\">\n\t\t\t\t<div class=\"elementor-widget-container\">\n\t\t\t\t\t\t\t\t\t\t\t\t\t\t\t<img decoding=\"async\" src=\"https:\/\/macketi.com\/wp-content\/uploads\/2026\/02\/cheerful-ethnic-doctor-with-arms-crossed-scaled.jpg\" title=\"cheerful-ethnic-doctor-with-arms-crossed\" alt=\"cheerful-ethnic-doctor-with-arms-crossed\" loading=\"lazy\" \/>\t\t\t\t\t\t\t\t\t\t\t\t\t\t\t<\/div>\n\t\t\t\t<\/div>\n\t\t\t\t<div class=\"elementor-element elementor-element-da4ee3a elementor-hidden-tablet elementor-hidden-mobile elementor-widget elementor-widget-text-editor\" data-id=\"da4ee3a\" data-element_type=\"widget\" data-e-type=\"widget\" data-widget_type=\"text-editor.default\">\n\t\t\t\t<div class=\"elementor-widget-container\">\n\t\t\t\t\t\t\t\t\t<div style=\"font-family: sans-serif; max-width: 500px; padding: 20px; color: #333333; text-align: left;\">\n<h2 style=\"font-size: 28px; font-weight: 800; color: #000000; margin: 0 0 20px 0; line-height: 1.2;\">3 simples pasos para registrar tu farmacia en Macketi y vender m\u00e1s<\/h2>\n<p style=\"font-size: 16px; line-height: 1.5; margin-bottom: 25px; color: #444444;\">Tu crecimiento es importante para nosotros. Increment\u00e1 tus ventas con todos los recursos que tenemos para tu farmacia.\n<strong>\u00a1Vender en Macketi es f\u00e1cil!<\/strong><\/p>\n\n<ul style=\"list-style: none; padding: 0; margin: 0 0 30px 0;\">\n \t<li style=\"margin-bottom: 12px; font-size: 16px; display: flex; align-items: center;\"><span style=\"margin-right: 10px;\">\u2022<\/span>\n<strong>Sum\u00e1 tu farmacia a Macketi<\/strong><\/li>\n \t<li style=\"margin-bottom: 12px; font-size: 16px; display: flex; align-items: center;\"><span style=\"margin-right: 10px;\">\u2022<\/span>\n<strong>Configur\u00e1 tu farmacia y cre\u00e1 tu men\u00fa<\/strong><\/li>\n \t<li style=\"margin-bottom: 12px; font-size: 16px; display: flex; align-items: center;\"><span style=\"margin-right: 10px;\">\u2022<\/span>\n<strong>Activ\u00e1 tu farmacia y empez\u00e1 a recibir \u00f3rdenes<\/strong><\/li>\n<\/ul>\n<a style=\"display: inline-block; background-color: #ffffff; color: #2c48c4; padding: 12px 25px; border-radius: 6px; text-decoration: none; font-weight: bold; font-size: 15px; border: 1px solid #2C48C4; transition: 0.3s;\" href=\"#\">\nRegistrar mi farmacia\n<\/a>\n\n<\/div>\t\t\t\t\t\t\t\t<\/div>\n\t\t\t\t<\/div>\n\t\t\t\t<div class=\"elementor-element elementor-element-fb04cc9 elementor-hidden-desktop elementor-widget elementor-widget-text-editor\" data-id=\"fb04cc9\" data-element_type=\"widget\" data-e-type=\"widget\" data-widget_type=\"text-editor.default\">\n\t\t\t\t<div class=\"elementor-widget-container\">\n\t\t\t\t\t\t\t\t\t<div style=\"font-family: sans-serif; max-width: 500px; padding: 20px; color: #333333; text-align: center;\">\n<h2 style=\"font-size: 28px; font-weight: 800; color: #000000; margin: 0 0 20px 0; line-height: 1.2;\">3 simples pasos para registrar tu farmacia en Macketi y vender m\u00e1s<\/h2>\n<p style=\"font-size: 16px; line-height: 1.5; margin-bottom: 25px; color: #444444;\">Tu crecimiento es importante para nosotros. Increment\u00e1 tus ventas con todos los recursos que tenemos para tu farmacia.\n<strong>\u00a1Vender en Macketi es f\u00e1cil!<\/strong><\/p>\n\n<ul style=\"list-style: none; padding: 0; margin: 0 0 30px 0;\">\n \t<li style=\"margin-bottom: 15px; font-size: 16px; display: flex; align-items: center; justify-content: center;\"><span style=\"margin-right: 8px;\">\u2022<\/span>\n<strong>Sum\u00e1 tu farmacia a Macketi<\/strong><\/li>\n \t<li style=\"margin-bottom: 15px; font-size: 16px; display: flex; align-items: center; justify-content: center;\"><span style=\"margin-right: 8px;\">\u2022<\/span>\n<strong>Configur\u00e1 tu farmacia y cre\u00e1 tu men\u00fa<\/strong><\/li>\n \t<li style=\"margin-bottom: 15px; font-size: 16px; display: flex; align-items: center; justify-content: center;\"><span style=\"margin-right: 8px;\">\u2022<\/span>\n<strong>Activ\u00e1 tu farmacia y empez\u00e1 a recibir \u00f3rdenes<\/strong><\/li>\n<\/ul>\n<a style=\"display: inline-block; background-color: #ffffff; color: #2c48c4; padding: 12px 25px; border-radius: 6px; text-decoration: none; font-weight: bold; font-size: 15px; border: 1px solid #2C48C4; transition: 0.3s;\" href=\"#\">\nRegistrar mi farmacia \n<\/a>\n\n<\/div>\t\t\t\t\t\t\t\t<\/div>\n\t\t\t\t<\/div>\n\t\t\t\t<\/div>\n\t\t\t\t\t<\/div>\n\t\t\t\t<\/div>\n\t\t\t\t<\/div>\n\t\t","protected":false},"excerpt":{"rendered":"<p>Por favor, activa JavaScript en tu navegador para completar este formulario.Por favor, activa JavaScript en tu navegador para completar este formulario. Nombre NombreApellidos Correo electr\u00f3nico *Comentario o mensaje * Enviar 0% TARIFAS POR 30 DIAS \u00bfTienes dudas sobre c\u00f3mo empezar? Habla con un experto de Macketi ahora mismo Contactar soporte 0% TARIFAS POR 30 DIAS &hellip;<\/p>\n<p class=\"read-more\"> <a class=\"thunk-readmore button\" href=\"https:\/\/macketi.com\/en\/registro-restaurantes\/\"> <span class=\"screen-reader-text\">Elementor #15104<\/span>Read More<\/a><\/p>","protected":false},"author":3,"featured_media":0,"parent":0,"menu_order":0,"comment_status":"closed","ping_status":"closed","template":"","meta":{"footnotes":""},"class_list":["post-15104","page","type-page","status-publish","hentry","thunk-woo-product-list","th-shop-mania-woo-hover-","open-single-product-tab-horizontal","open-shadow-","open-shadow-hover-","th-shop-mania-single-product-content-left"],"_links":{"self":[{"href":"https:\/\/macketi.com\/en\/wp-json\/wp\/v2\/pages\/15104","targetHints":{"allow":["GET"]}}],"collection":[{"href":"https:\/\/macketi.com\/en\/wp-json\/wp\/v2\/pages"}],"about":[{"href":"https:\/\/macketi.com\/en\/wp-json\/wp\/v2\/types\/page"}],"author":[{"embeddable":true,"href":"https:\/\/macketi.com\/en\/wp-json\/wp\/v2\/users\/3"}],"replies":[{"embeddable":true,"href":"https:\/\/macketi.com\/en\/wp-json\/wp\/v2\/comments?post=15104"}],"version-history":[{"count":88,"href":"https:\/\/macketi.com\/en\/wp-json\/wp\/v2\/pages\/15104\/revisions"}],"predecessor-version":[{"id":15297,"href":"https:\/\/macketi.com\/en\/wp-json\/wp\/v2\/pages\/15104\/revisions\/15297"}],"wp:attachment":[{"href":"https:\/\/macketi.com\/en\/wp-json\/wp\/v2\/media?parent=15104"}],"curies":[{"name":"wp","href":"https:\/\/api.w.org\/{rel}","templated":true}]}}