{"id":14,"date":"2024-05-21T19:25:37","date_gmt":"2024-05-21T17:25:37","guid":{"rendered":"https:\/\/macketi.com\/?page_id=14"},"modified":"2024-05-21T20:10:00","modified_gmt":"2024-05-21T18:10:00","slug":"refund_returns-2","status":"publish","type":"page","link":"https:\/\/macketi.com\/en\/refund_returns-2\/","title":{"rendered":"Refund Policy"},"content":{"rendered":"<div data-elementor-type=\"wp-page\" data-elementor-id=\"14\" class=\"elementor elementor-14\" data-elementor-post-type=\"page\">\n\t\t\t\t<div class=\"elementor-element elementor-element-a134edf e-con-full e-flex e-con e-parent\" data-id=\"a134edf\" data-element_type=\"container\" data-e-type=\"container\">\n\t\t\t\t<div class=\"elementor-element elementor-element-04d1041 elementor-widget elementor-widget-heading\" data-id=\"04d1041\" data-element_type=\"widget\" data-e-type=\"widget\" data-widget_type=\"heading.default\">\n\t\t\t\t<div class=\"elementor-widget-container\">\n\t\t\t\t\t<h2 class=\"elementor-heading-title elementor-size-default\">Refund Policy<\/h2>\t\t\t\t<\/div>\n\t\t\t\t<\/div>\n\t\t\t\t<\/div>\n\t\t<div class=\"elementor-element elementor-element-78e66706 e-con-full e-flex e-con e-parent\" data-id=\"78e66706\" data-element_type=\"container\" data-e-type=\"container\" data-settings=\"{&quot;background_background&quot;:&quot;classic&quot;}\">\n\t\t\t\t<div class=\"elementor-element elementor-element-28f3be5 elementor-widget elementor-widget-text-editor\" data-id=\"28f3be5\" data-element_type=\"widget\" data-e-type=\"widget\" data-widget_type=\"text-editor.default\">\n\t\t\t\t<div class=\"elementor-widget-container\">\n\t\t\t\t\t\t\t\t\t\n<p><strong>Pol\u00edticas de devoluci\u00f3n de tus compras<\/strong><\/p>\n\n\n\n<p>Los productos pueden devolverse gratis, sin importar el motivo.&nbsp;<\/p>\n\n\n\n<p>Solo hay algunos&nbsp;<a href=\"https:\/\/www.mercadolibre.com.mx\/ayuda\/4292\">productos espec\u00edficos que no tienen devoluci\u00f3n<\/a>. En ese caso,&nbsp;podr\u00e1s acordar una soluci\u00f3n con el vendedor iniciando un reclamo si lo necesitas.<\/p>\n\n\n\n<p>\u00bfCu\u00e1les son los requisitos para devolver un producto?<\/p>\n\n\n\n<figure class=\"wp-block-table\"><table><tbody><tr><td>Tiempo de cobertura<\/td><td>Condiciones del producto<\/td><\/tr><tr><td>Tienes 30 d\u00edas corridos para devolverlo desde que te lleg\u00f3.<\/td><td><strong>Si te arrepentiste de comprar el producto o es diferente de lo que pediste:<\/strong> &#8211; Debe estar en perfecto estado y no tener marcas de uso. &#8211; Debe tener sus accesorios, manuales y etiquetas. &#8211; Debe estar en el empaque original de la marca. &#8211; Si es celular, notebook, tablet o smartwatch no debe tener claves que impidan su uso, ni contener datos o fotos personales. <strong>Si el producto tiene un problema o est\u00e1 incompleto:<\/strong> &#8211; Cuando lo devuelvas y lo revisemos, debe estar en las mismas condiciones que describas al reclamar. &#8211; Debe tener todos sus accesorios tal cual llegaron.<\/td><\/tr><\/tbody><\/table><\/figure>\n\n\n\n<p>\u00bfQu\u00e9 pasa si devuelvo un producto que no cumple estas condiciones?<\/p>\n\n\n\n<p>Si revisamos el producto y notamos que no cumple con estas condiciones, la devoluci\u00f3n ser\u00e1 rechazada y enviaremos el producto de vuelta a la misma direcci\u00f3n en donde lo recibiste.<\/p>\n\n\n\n<p>\u00bfPuedo cambiar un producto?<\/p>\n\n\n\n<p>Si bien no podemos cambiar un producto que compraste, puedes solicitar la devoluci\u00f3n y recuperar tu dinero para comprar lo que quieras. En caso de tener un reclamo abierto, puedes acordar con el vendedor la posibilidad de reemplazar el producto.&nbsp;<\/p>\n\n\n\n<p>\u00bfCu\u00e1ndo me reembolsan el dinero?<\/p>\n\n\n\n<p>Haremos el reembolso 3 d\u00edas h\u00e1biles despu\u00e9s de que llegue el producto, una vez que revisemos si cumple con las pol\u00edticas de devoluci\u00f3n. Sin embargo, algunas veces podemos hacer el reembolso una vez entregas el producto, para que tengas el dinero m\u00e1s r\u00e1pido.<\/p>\n\n\n\n<p>Una vez que hagamos el reembolso, podr\u00e1s ver todos los detalles sobre el monto, lugar y d\u00eda de acreditaci\u00f3n del dinero desde el estado de tu compra.&nbsp;<\/p>\n\n\n\n<p>\u00bfD\u00f3nde me reembolsar\u00e1n el dinero?<\/p>\n\n\n\n<ul class=\"wp-block-list\">\n<li>Reembolsamos el dinero en el mismo medio de pago que usaste para comprar.<\/li>\n<\/ul>\n\n\n\n<p><strong>Productos que no tienen devoluci\u00f3n<\/strong><\/p>\n\n\n\n<p>Puedes devolver todos los productos que compres en Macketi. Sin embargo,<strong>&nbsp;existen algunos productos que no tienen devoluci\u00f3n y otros que podr\u00e1s devolver solo si cumplen con determinadas condiciones<\/strong>:<\/p>\n\n\n\n<figure class=\"wp-block-table\"><table><tbody><tr><td><strong>Categories<\/strong><\/td><td><strong>Productos<\/strong><\/td><td><strong>\u00bfTienen devoluci\u00f3n?<\/strong><\/td><\/tr><tr><td><strong>Alimentos y bebidas<\/strong><\/td><td>Todos los productos de esta categor\u00eda<\/td><td>Tienen devoluci\u00f3n siempre que est\u00e9n sin consumir<\/td><\/tr><tr><td rowspan=\"2\"><strong>Animales y mascotas<\/strong><\/td><td>&#8211; Seres vivos<\/td><td>No tienen devoluci\u00f3n<\/td><\/tr><tr><td>&#8211; Accesorios<br>&#8211; Art\u00edculos&nbsp;<br>&#8211; Juguetes<\/td><td>Tienen devoluci\u00f3n siempre que est\u00e9n sin usar<\/td><\/tr><tr><td><strong>Art\u00edculos para adultos<\/strong><\/td><td>Todos los productos de esta categor\u00eda<\/td><td>No tienen devoluci\u00f3n<\/td><\/tr><tr><td><strong>Babies<\/strong><\/td><td>Todos los productos de esta categor\u00eda<\/td><td>Tienen devoluci\u00f3n siempre que est\u00e9n en su paquete original y sin usar<\/td><\/tr><tr><td rowspan=\"3\"><strong>Belleza y cuidado personal<\/strong><\/td><td>&#8211; Farmacia&nbsp;<\/td><td>No tienen devoluci\u00f3n<\/td><\/tr><tr><td>&#8211; Depilaci\u00f3n<br>&#8211; Higiene personal<br>&#8211; Maquillaje<br>&#8211; Perfumes y fragancias<br>&#8211; Productos de barber\u00eda<br>&#8211; Tratamientos de belleza<\/td><td>Tienen devoluci\u00f3n siempre que est\u00e9n en su paquete original cerrado y sin usar<\/td><\/tr><tr><td>&#8211; Art\u00edculos de peluquer\u00eda<br>&#8211; Cuidado de la piel<br>&#8211; Cuidado del cabello&nbsp;<br>&#8211; Electrodom\u00e9sticos de belleza<br>&#8211; Manicure y pedicure<\/td><td>Tienen devoluci\u00f3n siempre que est\u00e9n sin usar<\/td><\/tr><tr><td><strong>Boletos para eventos<\/strong><\/td><td>Todos los productos de esta categor\u00eda<\/td><td>No tienen devoluci\u00f3n<\/td><\/tr><tr><td rowspan=\"2\"><strong>Hogar, muebles y jard\u00edn<\/strong><\/td><td>&#8211; Plantas naturales&nbsp;<\/td><td>No tienen devoluci\u00f3n<\/td><\/tr><tr><td>&#8211; Cuidado del hogar y lavander\u00eda<\/td><td>Tienen devoluci\u00f3n siempre que est\u00e9n en su paquete original y sin usar<\/td><\/tr><tr><td><strong>Inmuebles<\/strong><\/td><td>Todos los productos de esta categor\u00eda<\/td><td>No tienen devoluci\u00f3n<\/td><\/tr><tr><td><strong>Joyas y relojes<\/strong><\/td><td>Todos los productos de esta categor\u00eda<\/td><td>Tienen devoluci\u00f3n siempre que est\u00e9n en su paquete original y sin usar<\/td><\/tr><tr><td><strong>Libros, revistas y comics<\/strong><\/td><td>Todos los productos de esta categor\u00eda<\/td><td>Tienen devoluci\u00f3n siempre que est\u00e9n con su pl\u00e1stico protector cerrado<\/td><\/tr><tr><td><strong>Ropa, bolsas y calzado&nbsp;<\/strong><\/td><td>Todos los productos de esta categor\u00eda<\/td><td>Tienen devoluci\u00f3n siempre que est\u00e9n sin usar y con su etiqueta original<\/td><\/tr><tr><td rowspan=\"3\"><strong>Salud y equipamiento m\u00e9dico<\/strong><\/td><td>&#8211; Acupuntura<br>&#8211; Farmacia<br>&#8211; Material de laboratorio<\/td><td>No tienen devoluci\u00f3n<\/td><\/tr><tr><td>&#8211; Andaderas<br>&#8211; Elevadores de pacientes<br>&#8211; Muletas<br>&#8211; Masajes<br>&#8211; Nebulizadores<br>&#8211; Ortopedia<br>&#8211; Pastilleros<br>&#8211; Sillas de ruedas<br>&#8211; Tensi\u00f3metros<br>&#8211; Term\u00f3metros&nbsp;<\/td><td>Tienen devoluci\u00f3n siempre que est\u00e9n sin usar<\/td><\/tr><tr><td>&#8211; Equipamiento m\u00e9dico<br>&#8211; Oxigenoterapia&nbsp;<\/td><td>Tienen devoluci\u00f3n siempre que est\u00e9n en su paquete original y sin usar<\/td><\/tr><tr><td><strong>Servicios<\/strong><\/td><td>Todos los servicios de esta categor\u00eda<\/td><td>No tienen devoluci\u00f3n<\/td><\/tr><tr><td><strong>Veh\u00edculos<\/strong><\/td><td>Todos los productos de esta categor\u00eda<\/td><td>No tienen devoluci\u00f3n<\/td><\/tr><\/tbody><\/table><\/figure>\n\t\t\t\t\t\t\t\t<\/div>\n\t\t\t\t<\/div>\n\t\t\t\t<\/div>\n\t\t\t\t<\/div>","protected":false},"excerpt":{"rendered":"<p>Pol\u00edtica de Reembolso Pol\u00edticas de devoluci\u00f3n de tus compras Los productos pueden devolverse gratis, sin importar el motivo.&nbsp; Solo hay algunos&nbsp;productos espec\u00edficos que no tienen devoluci\u00f3n. En ese caso,&nbsp;podr\u00e1s acordar una soluci\u00f3n con el vendedor iniciando un reclamo si lo necesitas. \u00bfCu\u00e1les son los requisitos para devolver un producto? Tiempo de cobertura Condiciones del producto &hellip;<\/p>\n<p class=\"read-more\"> <a class=\"thunk-readmore button\" href=\"https:\/\/macketi.com\/en\/refund_returns-2\/\"> <span class=\"screen-reader-text\">Refund Policy<\/span>Read More<\/a><\/p>","protected":false},"author":1,"featured_media":0,"parent":0,"menu_order":0,"comment_status":"closed","ping_status":"closed","template":"","meta":{"footnotes":""},"class_list":["post-14","page","type-page","status-publish","hentry","thunk-woo-product-list","th-shop-mania-woo-hover-","open-single-product-tab-horizontal","open-shadow-","open-shadow-hover-","th-shop-mania-single-product-content-left"],"_links":{"self":[{"href":"https:\/\/macketi.com\/en\/wp-json\/wp\/v2\/pages\/14","targetHints":{"allow":["GET"]}}],"collection":[{"href":"https:\/\/macketi.com\/en\/wp-json\/wp\/v2\/pages"}],"about":[{"href":"https:\/\/macketi.com\/en\/wp-json\/wp\/v2\/types\/page"}],"author":[{"embeddable":true,"href":"https:\/\/macketi.com\/en\/wp-json\/wp\/v2\/users\/1"}],"replies":[{"embeddable":true,"href":"https:\/\/macketi.com\/en\/wp-json\/wp\/v2\/comments?post=14"}],"version-history":[{"count":5,"href":"https:\/\/macketi.com\/en\/wp-json\/wp\/v2\/pages\/14\/revisions"}],"predecessor-version":[{"id":3105,"href":"https:\/\/macketi.com\/en\/wp-json\/wp\/v2\/pages\/14\/revisions\/3105"}],"wp:attachment":[{"href":"https:\/\/macketi.com\/en\/wp-json\/wp\/v2\/media?parent=14"}],"curies":[{"name":"wp","href":"https:\/\/api.w.org\/{rel}","templated":true}]}}